{"id":1310,"date":"2016-04-03T14:59:29","date_gmt":"2016-04-03T13:59:29","guid":{"rendered":"http:\/\/www.enrouteprovence.fr\/?page_id=1310"},"modified":"2026-02-24T19:56:29","modified_gmt":"2026-02-24T18:56:29","slug":"tarifs","status":"publish","type":"page","link":"https:\/\/www.enrouteprovence.fr\/hiking-walking-tours-provence-france\/fr\/tarifs","title":{"rendered":"Tarifs"},"content":{"rendered":"<section id=\"builder-section-1521826648085\" class=\"builder-section-first builder-section builder-section-banner builder-section-last\" style=\"background-repeat: repeat;background-position: center center;\">\n<div class=\"builder-section-content\">\n<div class=\"builder-banner-slide content-position-none\" style=\"background-image: url(&#039;https:\/\/www.enrouteprovence.fr\/wp-content\/uploads\/2016\/04\/cairn-ciel-bleu_6-1.jpg&#039;);\">\n<div class=\"builder-banner-content\">\n<div class=\"builder-banner-inner-content\">\n<h2>\u00a0<\/h2>\n<h2 style=\"text-align: center;\"><span style=\"color: #ffffff;\"><small><big> Tarifs pour des randonn\u00e9es priv\u00e9es<\/big><\/small><\/span><\/h2>\n<p>\u00a0<\/p>\n<table class=\" aligncenter\" style=\"width: 650px; height: 376px;\">\n<tbody>\n<tr style=\"height: 28px;\">\n<td style=\"height: 28px; text-align: center; width: 197px;\" scope=\"row\">\n<p style=\"text-align: center;\"><span style=\"color: #ffffff;\">Nombre de pers.<\/span><\/p>\n<\/td>\n<td style=\"height: 28px; width: 200px;\" scope=\"row\">\n<p style=\"text-align: center;\"><span style=\"color: #ffffff;\">Demi-journ\u00e9e <small>(3 heures de <\/small><small>marche maxi)<\/small><\/span><\/p>\n<p style=\"text-align: center;\"><small>prix par personne<\/small><\/p>\n<\/td>\n<td style=\"height: 28px; width: 178px;\" scope=\"row\">\n<p style=\"text-align: center;\"><span style=\"color: #ffffff;\">Journ\u00e9e <small>(plus de 3\u00a0<\/small><small>h de marche)<\/small><\/span><\/p>\n<p style=\"text-align: center;\"><small>prix par personne<\/small><\/p>\n<\/td>\n<\/tr>\n<tr style=\"height: 48px;\">\n<td style=\"text-align: center; width: 197px; height: 48px;\"><span style=\"color: #ffffff;\">1<\/span><\/td>\n<td style=\"height: 48px; width: 200px; text-align: center;\" scope=\"row\"><span style=\"color: #ffffff;\">\u00a0310 \u20ac<\/span><\/td>\n<td style=\"height: 48px; width: 178px; text-align: center;\" scope=\"row\"><span style=\"color: #ffffff;\">380 \u20ac<\/span><\/td>\n<\/tr>\n<tr style=\"height: 48px;\">\n<td style=\"text-align: center; width: 197px; height: 48px;\"><span style=\"color: #ffffff;\">2<\/span><\/td>\n<td style=\"height: 48px; width: 200px; text-align: center;\" scope=\"row\"><span style=\"color: #ffffff;\">\u00a0160 \u20ac<\/span><\/td>\n<td style=\"height: 48px; width: 178px; text-align: center;\" scope=\"row\"><span style=\"color: #ffffff;\">200 \u20ac<\/span><\/td>\n<\/tr>\n<tr style=\"height: 43px;\">\n<td style=\"text-align: center; width: 197px; height: 43px;\"><span style=\"color: #ffffff;\">3-4<\/span><\/td>\n<td style=\"height: 43px; width: 200px; text-align: center;\" scope=\"row\"><span style=\"color: #ffffff;\">\u00a0110 \u20ac<\/span><\/td>\n<td style=\"height: 43px; width: 178px; text-align: center;\" scope=\"row\"><span style=\"color: #ffffff;\">\u00a0140 \u20ac\u00a0<\/span><\/td>\n<\/tr>\n<tr style=\"height: 43px;\">\n<td style=\"text-align: center; width: 197px; height: 43px;\"><span style=\"color: #ffffff;\">5-6<\/span><\/td>\n<td style=\"height: 43px; width: 200px; text-align: center;\" scope=\"row\"><span style=\"color: #ffffff;\">\u00a0 90 \u20ac\u00a0<\/span><\/td>\n<td style=\"height: 43px; width: 178px; text-align: center;\" scope=\"row\"><span style=\"color: #ffffff;\">115 \u20ac<\/span><\/td>\n<\/tr>\n<tr style=\"height: 43.5px;\">\n<td style=\"text-align: center; width: 197px; height: 43.5px;\"><span style=\"color: #ffffff;\">7 et plus<\/span><\/td>\n<td style=\"height: 43.5px; width: 200px; text-align: center;\" scope=\"row\"><span style=\"color: #ffffff;\">contactez-nous<\/span><\/td>\n<td style=\"height: 43.5px; width: 178px; text-align: center;\" scope=\"row\"><span style=\"color: #ffffff;\">\u00a0contactez-nous\u00a0<\/span><\/td>\n<\/tr>\n<\/tbody>\n<\/table>\n<table style=\"border-collapse: collapse; width: 101.664%; height: 133px;\">\n<tbody>\n<tr>\n<td style=\"width: 100%; text-align: justify; background-color: #4e91d9;\">\n<p>Pour un plus grand nombre de personnes, <span style=\"color: #0000ff;\"><strong>veuillez demander un devis<\/strong>.<\/span><\/p>\n<p>Pour le team building et l\u2019incentive, le nombre de participants ne peut exc\u00e9der 180.<\/p>\n<p>Les tarifs incluent les r\u00e9mun\u00e9rations des guides. Ils n\u2019incluent pas les frais additionnels tels que le transport des participants, le stationnement, les billets d\u2019entr\u00e9e aux monuments ou sites payants, les repas ou l\u2019h\u00e9bergement.<\/p>\n<p><strong>Tarifs pour des randonn\u00e9es guid\u00e9es sur la C\u00f4te d&rsquo;Azur<\/strong><\/p>\n<p>En raison de co\u00fbts de fonctionnement plus \u00e9lev\u00e9s sur la C\u00f4te d&rsquo;Azur, nous appliquons des prix plus hauts pour les randonn\u00e9es guid\u00e9es sur cette r\u00e9gion: les prix sont donc 15% plus \u00e9lev\u00e9s que ceux que vous pouvez lire dans le tableau ci-dessus.<\/p>\n<\/td>\n<\/tr>\n<\/tbody>\n<\/table>\n<p>\u00a0<\/p>\n<p>\u00a0<\/p>\n<\/p><\/div>\n<\/p><\/div>\n<\/p><\/div>\n<\/p><\/div>\n<\/section>\n","protected":false},"excerpt":{"rendered":"<p>\u00a0 Tarifs pour des randonn\u00e9es priv\u00e9es \u00a0 Nombre de pers. Demi-journ\u00e9e (3 heures de marche maxi) prix par personne Journ\u00e9e (plus de 3\u00a0h de marche) prix par personne 1 \u00a0310 \u20ac 380 \u20ac 2 \u00a0160 \u20ac 200 \u20ac 3-4 \u00a0110 \u20ac \u00a0140 \u20ac\u00a0 5-6 \u00a0 90 \u20ac\u00a0 115 \u20ac 7 et plus contactez-nous \u00a0contactez-nous\u00a0 Pour &hellip;<\/p>\n","protected":false},"author":1,"featured_media":0,"parent":0,"menu_order":0,"comment_status":"closed","ping_status":"closed","template":"template-builder.php","meta":{"footnotes":""},"class_list":["post-1310","page","type-page","status-publish","hentry"],"yoast_head":"<!-- This site is optimized with the Yoast SEO plugin v27.4 - https:\/\/yoast.com\/product\/yoast-seo-wordpress\/ -->\n<title>Tarifs | En route Provence<\/title>\n<meta name=\"description\" content=\"Come and discover Provence&#039;s outdoors on foot, escorted by a local walking guide, and get the most of its multiple faces : the pretty Provence towns and villages, from Gordes, Roussillon, St-Tropez, Vence or Bormes les Mimosas to St Remy or Les Baux de Provence, lush vineyards, colorful countryside and bright rugged landscapes like those of the Calanques National Park. Whatever your plan: the best of day trips from Nice or Marseille, a daily walk over one week in the Luberon or just the ascent of Mont Ventoux or Sainte-Victoire, we can provide you our experience and knowledge.\" \/>\n<meta name=\"robots\" content=\"index, follow, max-snippet:-1, max-image-preview:large, max-video-preview:-1\" \/>\n<link rel=\"canonical\" href=\"https:\/\/www.enrouteprovence.fr\/hiking-walking-tours-provence-france\/prices\" \/>\n<meta property=\"og:locale\" content=\"fr_FR\" \/>\n<meta property=\"og:type\" content=\"article\" \/>\n<meta property=\"og:title\" content=\"Tarifs | En route Provence\" \/>\n<meta property=\"og:description\" content=\"Come and discover Provence&#039;s outdoors on foot, escorted by a local walking guide, and get the most of its multiple faces : the pretty Provence towns and villages, from Gordes, Roussillon, St-Tropez, Vence or Bormes les Mimosas to St Remy or Les Baux de Provence, lush vineyards, colorful countryside and bright rugged landscapes like those of the Calanques National Park. Whatever your plan: the best of day trips from Nice or Marseille, a daily walk over one week in the Luberon or just the ascent of Mont Ventoux or Sainte-Victoire, we can provide you our experience and knowledge.\" \/>\n<meta property=\"og:url\" content=\"https:\/\/www.enrouteprovence.fr\/hiking-walking-tours-provence-france\/prices\" \/>\n<meta property=\"og:site_name\" content=\"En route Provence\" \/>\n<meta property=\"article:modified_time\" content=\"2026-02-24T18:56:29+00:00\" \/>\n<meta name=\"twitter:card\" content=\"summary_large_image\" \/>\n<meta name=\"twitter:label1\" content=\"Dur\u00e9e de lecture estim\u00e9e\" \/>\n\t<meta name=\"twitter:data1\" content=\"1 minute\" \/>\n<script type=\"application\/ld+json\" class=\"yoast-schema-graph\">{\"@context\":\"https:\\\/\\\/schema.org\",\"@graph\":[{\"@type\":\"WebPage\",\"@id\":\"https:\\\/\\\/www.enrouteprovence.fr\\\/hiking-walking-tours-provence-france\\\/prices\",\"url\":\"https:\\\/\\\/www.enrouteprovence.fr\\\/hiking-walking-tours-provence-france\\\/prices\",\"name\":\"Tarifs | En route Provence\",\"isPartOf\":{\"@id\":\"https:\\\/\\\/www.enrouteprovence.fr\\\/hiking-walking-tours-provence-france\\\/#website\"},\"datePublished\":\"2016-04-03T13:59:29+00:00\",\"dateModified\":\"2026-02-24T18:56:29+00:00\",\"description\":\"Come and discover Provence's outdoors on foot, escorted by a local walking guide, and get the most of its multiple faces : the pretty Provence towns and villages, from Gordes, Roussillon, St-Tropez, Vence or Bormes les Mimosas to St Remy or Les Baux de Provence, lush vineyards, colorful countryside and bright rugged landscapes like those of the Calanques National Park. Whatever your plan: the best of day trips from Nice or Marseille, a daily walk over one week in the Luberon or just the ascent of Mont Ventoux or Sainte-Victoire, we can provide you our experience and knowledge.\",\"breadcrumb\":{\"@id\":\"https:\\\/\\\/www.enrouteprovence.fr\\\/hiking-walking-tours-provence-france\\\/prices#breadcrumb\"},\"inLanguage\":\"fr-FR\",\"potentialAction\":[{\"@type\":\"ReadAction\",\"target\":[\"https:\\\/\\\/www.enrouteprovence.fr\\\/hiking-walking-tours-provence-france\\\/prices\"]}]},{\"@type\":\"BreadcrumbList\",\"@id\":\"https:\\\/\\\/www.enrouteprovence.fr\\\/hiking-walking-tours-provence-france\\\/prices#breadcrumb\",\"itemListElement\":[{\"@type\":\"ListItem\",\"position\":1,\"name\":\"Home\",\"item\":\"https:\\\/\\\/www.enrouteprovence.fr\\\/hiking-walking-tours-provence-france\\\/fr\"},{\"@type\":\"ListItem\",\"position\":2,\"name\":\"Tarifs\"}]},{\"@type\":\"WebSite\",\"@id\":\"https:\\\/\\\/www.enrouteprovence.fr\\\/hiking-walking-tours-provence-france\\\/#website\",\"url\":\"https:\\\/\\\/www.enrouteprovence.fr\\\/hiking-walking-tours-provence-france\\\/\",\"name\":\"En route Provence\",\"description\":\"Walking Provence with a local guide\",\"publisher\":{\"@id\":\"https:\\\/\\\/www.enrouteprovence.fr\\\/hiking-walking-tours-provence-france\\\/#\\\/schema\\\/person\\\/af05f7bb993f95aa77136a6845e974d1\"},\"potentialAction\":[{\"@type\":\"SearchAction\",\"target\":{\"@type\":\"EntryPoint\",\"urlTemplate\":\"https:\\\/\\\/www.enrouteprovence.fr\\\/hiking-walking-tours-provence-france\\\/?s={search_term_string}\"},\"query-input\":{\"@type\":\"PropertyValueSpecification\",\"valueRequired\":true,\"valueName\":\"search_term_string\"}}],\"inLanguage\":\"fr-FR\"},{\"@type\":[\"Person\",\"Organization\"],\"@id\":\"https:\\\/\\\/www.enrouteprovence.fr\\\/hiking-walking-tours-provence-france\\\/#\\\/schema\\\/person\\\/af05f7bb993f95aa77136a6845e974d1\",\"name\":\"jean-bernard-jb\",\"image\":{\"@type\":\"ImageObject\",\"inLanguage\":\"fr-FR\",\"@id\":\"https:\\\/\\\/secure.gravatar.com\\\/avatar\\\/25948e7e644d7187247bba1791838724eaccec85389611bf578fb1d316dab3d9?s=96&d=mm&r=g\",\"url\":\"https:\\\/\\\/secure.gravatar.com\\\/avatar\\\/25948e7e644d7187247bba1791838724eaccec85389611bf578fb1d316dab3d9?s=96&d=mm&r=g\",\"contentUrl\":\"https:\\\/\\\/secure.gravatar.com\\\/avatar\\\/25948e7e644d7187247bba1791838724eaccec85389611bf578fb1d316dab3d9?s=96&d=mm&r=g\",\"caption\":\"jean-bernard-jb\"},\"logo\":{\"@id\":\"https:\\\/\\\/secure.gravatar.com\\\/avatar\\\/25948e7e644d7187247bba1791838724eaccec85389611bf578fb1d316dab3d9?s=96&d=mm&r=g\"}}]}<\/script>\n<!-- \/ Yoast SEO plugin. -->","yoast_head_json":{"title":"Tarifs | En route Provence","description":"Come and discover Provence's outdoors on foot, escorted by a local walking guide, and get the most of its multiple faces : the pretty Provence towns and villages, from Gordes, Roussillon, St-Tropez, Vence or Bormes les Mimosas to St Remy or Les Baux de Provence, lush vineyards, colorful countryside and bright rugged landscapes like those of the Calanques National Park. Whatever your plan: the best of day trips from Nice or Marseille, a daily walk over one week in the Luberon or just the ascent of Mont Ventoux or Sainte-Victoire, we can provide you our experience and knowledge.","robots":{"index":"index","follow":"follow","max-snippet":"max-snippet:-1","max-image-preview":"max-image-preview:large","max-video-preview":"max-video-preview:-1"},"canonical":"https:\/\/www.enrouteprovence.fr\/hiking-walking-tours-provence-france\/prices","og_locale":"fr_FR","og_type":"article","og_title":"Tarifs | En route Provence","og_description":"Come and discover Provence's outdoors on foot, escorted by a local walking guide, and get the most of its multiple faces : the pretty Provence towns and villages, from Gordes, Roussillon, St-Tropez, Vence or Bormes les Mimosas to St Remy or Les Baux de Provence, lush vineyards, colorful countryside and bright rugged landscapes like those of the Calanques National Park. Whatever your plan: the best of day trips from Nice or Marseille, a daily walk over one week in the Luberon or just the ascent of Mont Ventoux or Sainte-Victoire, we can provide you our experience and knowledge.","og_url":"https:\/\/www.enrouteprovence.fr\/hiking-walking-tours-provence-france\/prices","og_site_name":"En route Provence","article_modified_time":"2026-02-24T18:56:29+00:00","twitter_card":"summary_large_image","twitter_misc":{"Dur\u00e9e de lecture estim\u00e9e":"1 minute"},"schema":{"@context":"https:\/\/schema.org","@graph":[{"@type":"WebPage","@id":"https:\/\/www.enrouteprovence.fr\/hiking-walking-tours-provence-france\/prices","url":"https:\/\/www.enrouteprovence.fr\/hiking-walking-tours-provence-france\/prices","name":"Tarifs | En route Provence","isPartOf":{"@id":"https:\/\/www.enrouteprovence.fr\/hiking-walking-tours-provence-france\/#website"},"datePublished":"2016-04-03T13:59:29+00:00","dateModified":"2026-02-24T18:56:29+00:00","description":"Come and discover Provence's outdoors on foot, escorted by a local walking guide, and get the most of its multiple faces : the pretty Provence towns and villages, from Gordes, Roussillon, St-Tropez, Vence or Bormes les Mimosas to St Remy or Les Baux de Provence, lush vineyards, colorful countryside and bright rugged landscapes like those of the Calanques National Park. Whatever your plan: the best of day trips from Nice or Marseille, a daily walk over one week in the Luberon or just the ascent of Mont Ventoux or Sainte-Victoire, we can provide you our experience and knowledge.","breadcrumb":{"@id":"https:\/\/www.enrouteprovence.fr\/hiking-walking-tours-provence-france\/prices#breadcrumb"},"inLanguage":"fr-FR","potentialAction":[{"@type":"ReadAction","target":["https:\/\/www.enrouteprovence.fr\/hiking-walking-tours-provence-france\/prices"]}]},{"@type":"BreadcrumbList","@id":"https:\/\/www.enrouteprovence.fr\/hiking-walking-tours-provence-france\/prices#breadcrumb","itemListElement":[{"@type":"ListItem","position":1,"name":"Home","item":"https:\/\/www.enrouteprovence.fr\/hiking-walking-tours-provence-france\/fr"},{"@type":"ListItem","position":2,"name":"Tarifs"}]},{"@type":"WebSite","@id":"https:\/\/www.enrouteprovence.fr\/hiking-walking-tours-provence-france\/#website","url":"https:\/\/www.enrouteprovence.fr\/hiking-walking-tours-provence-france\/","name":"En route Provence","description":"Walking Provence with a local guide","publisher":{"@id":"https:\/\/www.enrouteprovence.fr\/hiking-walking-tours-provence-france\/#\/schema\/person\/af05f7bb993f95aa77136a6845e974d1"},"potentialAction":[{"@type":"SearchAction","target":{"@type":"EntryPoint","urlTemplate":"https:\/\/www.enrouteprovence.fr\/hiking-walking-tours-provence-france\/?s={search_term_string}"},"query-input":{"@type":"PropertyValueSpecification","valueRequired":true,"valueName":"search_term_string"}}],"inLanguage":"fr-FR"},{"@type":["Person","Organization"],"@id":"https:\/\/www.enrouteprovence.fr\/hiking-walking-tours-provence-france\/#\/schema\/person\/af05f7bb993f95aa77136a6845e974d1","name":"jean-bernard-jb","image":{"@type":"ImageObject","inLanguage":"fr-FR","@id":"https:\/\/secure.gravatar.com\/avatar\/25948e7e644d7187247bba1791838724eaccec85389611bf578fb1d316dab3d9?s=96&d=mm&r=g","url":"https:\/\/secure.gravatar.com\/avatar\/25948e7e644d7187247bba1791838724eaccec85389611bf578fb1d316dab3d9?s=96&d=mm&r=g","contentUrl":"https:\/\/secure.gravatar.com\/avatar\/25948e7e644d7187247bba1791838724eaccec85389611bf578fb1d316dab3d9?s=96&d=mm&r=g","caption":"jean-bernard-jb"},"logo":{"@id":"https:\/\/secure.gravatar.com\/avatar\/25948e7e644d7187247bba1791838724eaccec85389611bf578fb1d316dab3d9?s=96&d=mm&r=g"}}]}},"_links":{"self":[{"href":"https:\/\/www.enrouteprovence.fr\/hiking-walking-tours-provence-france\/fr\/wp-json\/wp\/v2\/pages\/1310","targetHints":{"allow":["GET"]}}],"collection":[{"href":"https:\/\/www.enrouteprovence.fr\/hiking-walking-tours-provence-france\/fr\/wp-json\/wp\/v2\/pages"}],"about":[{"href":"https:\/\/www.enrouteprovence.fr\/hiking-walking-tours-provence-france\/fr\/wp-json\/wp\/v2\/types\/page"}],"author":[{"embeddable":true,"href":"https:\/\/www.enrouteprovence.fr\/hiking-walking-tours-provence-france\/fr\/wp-json\/wp\/v2\/users\/1"}],"replies":[{"embeddable":true,"href":"https:\/\/www.enrouteprovence.fr\/hiking-walking-tours-provence-france\/fr\/wp-json\/wp\/v2\/comments?post=1310"}],"version-history":[{"count":116,"href":"https:\/\/www.enrouteprovence.fr\/hiking-walking-tours-provence-france\/fr\/wp-json\/wp\/v2\/pages\/1310\/revisions"}],"predecessor-version":[{"id":22819,"href":"https:\/\/www.enrouteprovence.fr\/hiking-walking-tours-provence-france\/fr\/wp-json\/wp\/v2\/pages\/1310\/revisions\/22819"}],"wp:attachment":[{"href":"https:\/\/www.enrouteprovence.fr\/hiking-walking-tours-provence-france\/fr\/wp-json\/wp\/v2\/media?parent=1310"}],"curies":[{"name":"wp","href":"https:\/\/api.w.org\/{rel}","templated":true}]}}