{"id":1328,"date":"2016-04-03T16:21:14","date_gmt":"2016-04-03T15:21:14","guid":{"rendered":"http:\/\/www.enrouteprovence.fr\/?page_id=1328"},"modified":"2022-07-15T13:40:42","modified_gmt":"2022-07-15T12:40:42","slug":"randonnees-raquettes","status":"publish","type":"page","link":"https:\/\/www.enrouteprovence.fr\/hiking-walking-tours-provence-france\/fr\/randonnees-a-theme\/la-provence-au-gre-des-saisons\/lhiver\/randonnees-raquettes","title":{"rendered":"Randonn\u00e9es raquette"},"content":{"rendered":"<section id=\"builder-section-1519893483765\" class=\"builder-section-first builder-section builder-section-banner builder-section-next-text\" style=\"background-repeat: repeat;background-position: center center;\">\n<div class=\"builder-section-content\">\n<div class=\"builder-banner-slide content-position-none\" style=\"background-color:#1e73be;\">\n<div class=\"builder-banner-content\">\n<div class=\"builder-banner-inner-content\">\n<p style=\"text-align: center;\">\u00a0<\/p>\n<h2 style=\"text-align: center;\"><span style=\"color: #ffffff;\"><strong>Le silence de paysages enneig\u00e9s,<br \/><small>\u00e0 moins de 2h de route de Marseille<\/small><\/strong><\/span><br \/><small><strong><br \/><\/strong><\/small><\/h2>\n<p>\u00a0<\/p>\n<\/p><\/div>\n<\/p><\/div>\n<\/p><\/div>\n<\/p><\/div>\n<\/section>\n<section id=\"builder-section-1519894171339\" class=\"builder-section-prev-banner builder-section builder-section-text builder-section-next-text builder-section-full-width builder-text-columns-2\" style=\"background-repeat: repeat;background-position: center center;\">\n<div class=\"builder-section-content\">\n<div class=\"builder-text-row\">\n<div class=\"builder-text-column builder-text-column-1\" id=\"builder-section-1519894171339-column-1\">\n<div class=\"builder-text-content\">\n<p><img data-recalc-dims=\"1\" loading=\"lazy\" decoding=\"async\" class=\"size-full wp-image-1152 aligncenter\" src=\"https:\/\/i0.wp.com\/www.enrouteprovence.fr\/wp-content\/uploads\/2016\/01\/chamois-observ%C3%A9-par-randonneurs-2.jpg?resize=373%2C443&#038;ssl=1\" width=\"373\" height=\"443\" srcset=\"https:\/\/i0.wp.com\/www.enrouteprovence.fr\/wp-content\/uploads\/2016\/01\/chamois-observ%C3%A9-par-randonneurs-2.jpg?w=373&amp;ssl=1 373w, https:\/\/i0.wp.com\/www.enrouteprovence.fr\/wp-content\/uploads\/2016\/01\/chamois-observ%C3%A9-par-randonneurs-2.jpg?resize=253%2C300&amp;ssl=1 253w\" sizes=\"auto, (max-width: 373px) 100vw, 373px\" \/><\/p>\n<\/p><\/div>\n<\/p><\/div>\n<div class=\"builder-text-column builder-text-column-2\" id=\"builder-section-1519894171339-column-2\">\n<div class=\"builder-text-content\">\n<h3 style=\"text-align: center;\"><strong>La beaut\u00e9 magique de la Montagne<\/strong><br \/><strong>de Lure sous son manteau neigeux<\/strong><\/h3>\n<p>\u00a0<\/p>\n<p style=\"text-align: justify;\">D\u00e9marrant d&rsquo;une minuscule station de ski sur le flanc sud de la\u00a0<em>Montagne de Lure\u00a0<\/em>(1826 m), ce parcours, \u00e0 travers une for\u00eat mixte de h\u00eatres et sapins, vous emm\u00e8ne jusqu&rsquo;\u00e0 la cr\u00eate. Sur votre chemin, vous identifierez sans doute des empreintes laiss\u00e9es dans la neige par des li\u00e8vres, sangliers ou chevreuils. Une fois en haut, le paysage s&rsquo;ouvre sur la vall\u00e9e de l&rsquo;autre c\u00f4t\u00e9 et sur un grand nombre de massifs alpins enneig\u00e9s, dont les sommets de 4000 m des\u00a0<em>Ecrins<\/em>, \u00e0 l&rsquo;horizon. Et, avec un peu de chance, vous apercevrez un chamois, cette ch\u00e8vre sauvage vivant dans les pelouses alpines.\u00a0<\/p>\n<p>\u00a0<\/p>\n<p style=\"text-align: justify;\"><strong>Dur\u00e9e de marche\u00a0<\/strong>: 3 heures\u00a0<strong><br \/>Niveau\u00a0<\/strong>: de mod\u00e9r\u00e9 \u00e0 soutenu (selon la consistance de la neige)<\/p>\n<p>\u00a0<\/p>\n<p>\u00a0<\/p>\n<p>\u00a0<\/p>\n<\/p><\/div>\n<\/p><\/div>\n<\/p><\/div>\n<\/p><\/div>\n<\/section>\n<section id=\"builder-section-1519896689611\" class=\"builder-section-prev-text builder-section builder-section-text builder-section-last builder-section-full-width builder-text-columns-2\" style=\"background-repeat: repeat;background-position: center center;\">\n<div class=\"builder-section-content\">\n<div class=\"builder-text-row\">\n<div class=\"builder-text-column builder-text-column-1\" id=\"builder-section-1519896689611-column-1\">\n<div class=\"builder-text-content\">\n<h3 align=\"center\">\u00a0<\/h3>\n<h3 align=\"center\">\u00a0<\/h3>\n<h3 align=\"center\"><strong>La cr\u00eate orientale du Mont Ventoux<br \/>depuis le Chalet Reynard<\/strong><\/h3>\n<p>\u00a0<\/p>\n<p style=\"text-align: justify;\">Au cours de cette journ\u00e9e de raquette d\u00e9marrant depuis le <em>Chalet Reynard<\/em> (1400 m), sur le versant sud du <em>Mont Ventoux<\/em>, vous atteindrez la cr\u00eate en 45 minutes, puis la suivrez en direction de l&rsquo;antenne situ\u00e9e au sommet de la montagne. Vous pourrez certainement profiter de vues \u00e0 couper le souffle pendant ces deux heures de mont\u00e9e, rencontrant quelques arbres au d\u00e9but, mais rapidement plus que quelques gen\u00e9vriers nains. Une exp\u00e9rience vraiment inoubliable !\u00a0<\/p>\n<p>\u00a0<\/p>\n<p style=\"text-align: justify;\"><strong>Dur\u00e9e de marche\u00a0<\/strong>: 4 heures\u00a0<strong><br \/>Niveau\u00a0<\/strong>: soutenu<\/p>\n<p>\u00a0<\/p>\n<\/p><\/div>\n<\/p><\/div>\n<div class=\"builder-text-column builder-text-column-2\" id=\"builder-section-1519896689611-column-2\">\n<div class=\"builder-text-content\">\n<p><img data-recalc-dims=\"1\" loading=\"lazy\" decoding=\"async\" src=\"https:\/\/i0.wp.com\/www.enrouteprovence.fr\/wp-content\/uploads\/2016\/01\/raquettes_3-marcheurs-dos-1.jpg?resize=906%2C826&#038;ssl=1\" width=\"906\" height=\"826\" class=\"alignnone size-full wp-image-1156\" srcset=\"https:\/\/i0.wp.com\/www.enrouteprovence.fr\/wp-content\/uploads\/2016\/01\/raquettes_3-marcheurs-dos-1.jpg?w=906&amp;ssl=1 906w, https:\/\/i0.wp.com\/www.enrouteprovence.fr\/wp-content\/uploads\/2016\/01\/raquettes_3-marcheurs-dos-1.jpg?resize=300%2C274&amp;ssl=1 300w, https:\/\/i0.wp.com\/www.enrouteprovence.fr\/wp-content\/uploads\/2016\/01\/raquettes_3-marcheurs-dos-1.jpg?resize=768%2C700&amp;ssl=1 768w\" sizes=\"auto, (max-width: 906px) 100vw, 906px\" \/><\/p>\n<\/p><\/div>\n<\/p><\/div>\n<\/p><\/div>\n<\/p><\/div>\n<\/section>\n","protected":false},"excerpt":{"rendered":"<p>\u00a0 Le silence de paysages enneig\u00e9s,\u00e0 moins de 2h de route de Marseille \u00a0 La beaut\u00e9 magique de la Montagnede Lure sous son manteau neigeux \u00a0 D\u00e9marrant d&rsquo;une minuscule station de ski sur le flanc sud de la\u00a0Montagne de Lure\u00a0(1826 m), ce parcours, \u00e0 travers une for\u00eat mixte de h\u00eatres et sapins, vous emm\u00e8ne jusqu&rsquo;\u00e0 &hellip;<\/p>\n","protected":false},"author":1,"featured_media":0,"parent":104,"menu_order":0,"comment_status":"closed","ping_status":"closed","template":"template-builder.php","meta":{"footnotes":""},"class_list":["post-1328","page","type-page","status-publish","hentry"],"yoast_head":"<!-- This site is optimized with the Yoast SEO plugin v27.4 - https:\/\/yoast.com\/product\/yoast-seo-wordpress\/ -->\n<title>Randonn\u00e9es raquette | En route Provence<\/title>\n<meta name=\"description\" content=\"Come and discover Provence&#039;s outdoors on foot, escorted by a local walking guide, and get the most of its multiple faces : the pretty Provence towns and villages, from Gordes, Roussillon, St-Tropez, Vence or Bormes les Mimosas to St Remy or Les Baux de Provence, lush vineyards, colorful countryside and bright rugged landscapes like those of the Calanques National Park. Whatever your plan: the best of day trips from Nice or Marseille, a daily walk over one week in the Luberon or just the ascent of Mont Ventoux or Sainte-Victoire, we can provide you our experience and knowledge.\" \/>\n<meta name=\"robots\" content=\"index, follow, max-snippet:-1, max-image-preview:large, max-video-preview:-1\" \/>\n<link rel=\"canonical\" href=\"https:\/\/www.enrouteprovence.fr\/hiking-walking-tours-provence-france\/specialtours\/provence-according-to-seasons\/winter\/snowshoe-hikes-2\" \/>\n<meta property=\"og:locale\" content=\"fr_FR\" \/>\n<meta property=\"og:type\" content=\"article\" \/>\n<meta property=\"og:title\" content=\"Randonn\u00e9es raquette | En route Provence\" \/>\n<meta property=\"og:description\" content=\"Come and discover Provence&#039;s outdoors on foot, escorted by a local walking guide, and get the most of its multiple faces : the pretty Provence towns and villages, from Gordes, Roussillon, St-Tropez, Vence or Bormes les Mimosas to St Remy or Les Baux de Provence, lush vineyards, colorful countryside and bright rugged landscapes like those of the Calanques National Park. Whatever your plan: the best of day trips from Nice or Marseille, a daily walk over one week in the Luberon or just the ascent of Mont Ventoux or Sainte-Victoire, we can provide you our experience and knowledge.\" \/>\n<meta property=\"og:url\" content=\"https:\/\/www.enrouteprovence.fr\/hiking-walking-tours-provence-france\/specialtours\/provence-according-to-seasons\/winter\/snowshoe-hikes-2\" \/>\n<meta property=\"og:site_name\" content=\"En route Provence\" \/>\n<meta property=\"article:modified_time\" content=\"2022-07-15T12:40:42+00:00\" \/>\n<meta property=\"og:image\" content=\"https:\/\/www.enrouteprovence.fr\/wp-content\/uploads\/2016\/01\/raquettes_3-marcheurs-dos-1.jpg\" \/>\n<meta name=\"twitter:card\" content=\"summary_large_image\" \/>\n<meta name=\"twitter:label1\" content=\"Dur\u00e9e de lecture estim\u00e9e\" \/>\n\t<meta name=\"twitter:data1\" content=\"1 minute\" \/>\n<script type=\"application\/ld+json\" class=\"yoast-schema-graph\">{\"@context\":\"https:\\\/\\\/schema.org\",\"@graph\":[{\"@type\":\"WebPage\",\"@id\":\"https:\\\/\\\/www.enrouteprovence.fr\\\/hiking-walking-tours-provence-france\\\/specialtours\\\/provence-according-to-seasons\\\/winter\\\/snowshoe-hikes-2\",\"url\":\"https:\\\/\\\/www.enrouteprovence.fr\\\/hiking-walking-tours-provence-france\\\/specialtours\\\/provence-according-to-seasons\\\/winter\\\/snowshoe-hikes-2\",\"name\":\"Randonn\u00e9es raquette | En route Provence\",\"isPartOf\":{\"@id\":\"https:\\\/\\\/www.enrouteprovence.fr\\\/hiking-walking-tours-provence-france\\\/#website\"},\"primaryImageOfPage\":{\"@id\":\"https:\\\/\\\/www.enrouteprovence.fr\\\/hiking-walking-tours-provence-france\\\/specialtours\\\/provence-according-to-seasons\\\/winter\\\/snowshoe-hikes-2#primaryimage\"},\"image\":{\"@id\":\"https:\\\/\\\/www.enrouteprovence.fr\\\/hiking-walking-tours-provence-france\\\/specialtours\\\/provence-according-to-seasons\\\/winter\\\/snowshoe-hikes-2#primaryimage\"},\"thumbnailUrl\":\"https:\\\/\\\/www.enrouteprovence.fr\\\/wp-content\\\/uploads\\\/2016\\\/01\\\/raquettes_3-marcheurs-dos-1.jpg\",\"datePublished\":\"2016-04-03T15:21:14+00:00\",\"dateModified\":\"2022-07-15T12:40:42+00:00\",\"description\":\"Come and discover Provence's outdoors on foot, escorted by a local walking guide, and get the most of its multiple faces : the pretty Provence towns and villages, from Gordes, Roussillon, St-Tropez, Vence or Bormes les Mimosas to St Remy or Les Baux de Provence, lush vineyards, colorful countryside and bright rugged landscapes like those of the Calanques National Park. Whatever your plan: the best of day trips from Nice or Marseille, a daily walk over one week in the Luberon or just the ascent of Mont Ventoux or Sainte-Victoire, we can provide you our experience and knowledge.\",\"breadcrumb\":{\"@id\":\"https:\\\/\\\/www.enrouteprovence.fr\\\/hiking-walking-tours-provence-france\\\/specialtours\\\/provence-according-to-seasons\\\/winter\\\/snowshoe-hikes-2#breadcrumb\"},\"inLanguage\":\"fr-FR\",\"potentialAction\":[{\"@type\":\"ReadAction\",\"target\":[\"https:\\\/\\\/www.enrouteprovence.fr\\\/hiking-walking-tours-provence-france\\\/specialtours\\\/provence-according-to-seasons\\\/winter\\\/snowshoe-hikes-2\"]}]},{\"@type\":\"ImageObject\",\"inLanguage\":\"fr-FR\",\"@id\":\"https:\\\/\\\/www.enrouteprovence.fr\\\/hiking-walking-tours-provence-france\\\/specialtours\\\/provence-according-to-seasons\\\/winter\\\/snowshoe-hikes-2#primaryimage\",\"url\":\"https:\\\/\\\/www.enrouteprovence.fr\\\/wp-content\\\/uploads\\\/2016\\\/01\\\/raquettes_3-marcheurs-dos-1.jpg\",\"contentUrl\":\"https:\\\/\\\/www.enrouteprovence.fr\\\/wp-content\\\/uploads\\\/2016\\\/01\\\/raquettes_3-marcheurs-dos-1.jpg\"},{\"@type\":\"BreadcrumbList\",\"@id\":\"https:\\\/\\\/www.enrouteprovence.fr\\\/hiking-walking-tours-provence-france\\\/specialtours\\\/provence-according-to-seasons\\\/winter\\\/snowshoe-hikes-2#breadcrumb\",\"itemListElement\":[{\"@type\":\"ListItem\",\"position\":1,\"name\":\"Home\",\"item\":\"https:\\\/\\\/www.enrouteprovence.fr\\\/hiking-walking-tours-provence-france\\\/fr\"},{\"@type\":\"ListItem\",\"position\":2,\"name\":\"Randonn\u00e9es \u00e0 th\u00e8me\",\"item\":\"https:\\\/\\\/www.enrouteprovence.fr\\\/hiking-walking-tours-provence-france\\\/fr\\\/randonnees-a-theme\"},{\"@type\":\"ListItem\",\"position\":3,\"name\":\"La Provence au gr\u00e9 des saisons\",\"item\":\"https:\\\/\\\/www.enrouteprovence.fr\\\/hiking-walking-tours-provence-france\\\/fr\\\/randonnees-a-theme\\\/la-provence-au-gre-des-saisons\"},{\"@type\":\"ListItem\",\"position\":4,\"name\":\"L&rsquo;hiver\",\"item\":\"https:\\\/\\\/www.enrouteprovence.fr\\\/hiking-walking-tours-provence-france\\\/fr\\\/randonnees-a-theme\\\/la-provence-au-gre-des-saisons\\\/lhiver\"},{\"@type\":\"ListItem\",\"position\":5,\"name\":\"Randonn\u00e9es raquette\"}]},{\"@type\":\"WebSite\",\"@id\":\"https:\\\/\\\/www.enrouteprovence.fr\\\/hiking-walking-tours-provence-france\\\/#website\",\"url\":\"https:\\\/\\\/www.enrouteprovence.fr\\\/hiking-walking-tours-provence-france\\\/\",\"name\":\"En route Provence\",\"description\":\"Walking Provence with a local guide\",\"publisher\":{\"@id\":\"https:\\\/\\\/www.enrouteprovence.fr\\\/hiking-walking-tours-provence-france\\\/#\\\/schema\\\/person\\\/af05f7bb993f95aa77136a6845e974d1\"},\"potentialAction\":[{\"@type\":\"SearchAction\",\"target\":{\"@type\":\"EntryPoint\",\"urlTemplate\":\"https:\\\/\\\/www.enrouteprovence.fr\\\/hiking-walking-tours-provence-france\\\/?s={search_term_string}\"},\"query-input\":{\"@type\":\"PropertyValueSpecification\",\"valueRequired\":true,\"valueName\":\"search_term_string\"}}],\"inLanguage\":\"fr-FR\"},{\"@type\":[\"Person\",\"Organization\"],\"@id\":\"https:\\\/\\\/www.enrouteprovence.fr\\\/hiking-walking-tours-provence-france\\\/#\\\/schema\\\/person\\\/af05f7bb993f95aa77136a6845e974d1\",\"name\":\"jean-bernard-jb\",\"image\":{\"@type\":\"ImageObject\",\"inLanguage\":\"fr-FR\",\"@id\":\"https:\\\/\\\/secure.gravatar.com\\\/avatar\\\/25948e7e644d7187247bba1791838724eaccec85389611bf578fb1d316dab3d9?s=96&d=mm&r=g\",\"url\":\"https:\\\/\\\/secure.gravatar.com\\\/avatar\\\/25948e7e644d7187247bba1791838724eaccec85389611bf578fb1d316dab3d9?s=96&d=mm&r=g\",\"contentUrl\":\"https:\\\/\\\/secure.gravatar.com\\\/avatar\\\/25948e7e644d7187247bba1791838724eaccec85389611bf578fb1d316dab3d9?s=96&d=mm&r=g\",\"caption\":\"jean-bernard-jb\"},\"logo\":{\"@id\":\"https:\\\/\\\/secure.gravatar.com\\\/avatar\\\/25948e7e644d7187247bba1791838724eaccec85389611bf578fb1d316dab3d9?s=96&d=mm&r=g\"}}]}<\/script>\n<!-- \/ Yoast SEO plugin. -->","yoast_head_json":{"title":"Randonn\u00e9es raquette | En route Provence","description":"Come and discover Provence's outdoors on foot, escorted by a local walking guide, and get the most of its multiple faces : the pretty Provence towns and villages, from Gordes, Roussillon, St-Tropez, Vence or Bormes les Mimosas to St Remy or Les Baux de Provence, lush vineyards, colorful countryside and bright rugged landscapes like those of the Calanques National Park. Whatever your plan: the best of day trips from Nice or Marseille, a daily walk over one week in the Luberon or just the ascent of Mont Ventoux or Sainte-Victoire, we can provide you our experience and knowledge.","robots":{"index":"index","follow":"follow","max-snippet":"max-snippet:-1","max-image-preview":"max-image-preview:large","max-video-preview":"max-video-preview:-1"},"canonical":"https:\/\/www.enrouteprovence.fr\/hiking-walking-tours-provence-france\/specialtours\/provence-according-to-seasons\/winter\/snowshoe-hikes-2","og_locale":"fr_FR","og_type":"article","og_title":"Randonn\u00e9es raquette | En route Provence","og_description":"Come and discover Provence's outdoors on foot, escorted by a local walking guide, and get the most of its multiple faces : the pretty Provence towns and villages, from Gordes, Roussillon, St-Tropez, Vence or Bormes les Mimosas to St Remy or Les Baux de Provence, lush vineyards, colorful countryside and bright rugged landscapes like those of the Calanques National Park. Whatever your plan: the best of day trips from Nice or Marseille, a daily walk over one week in the Luberon or just the ascent of Mont Ventoux or Sainte-Victoire, we can provide you our experience and knowledge.","og_url":"https:\/\/www.enrouteprovence.fr\/hiking-walking-tours-provence-france\/specialtours\/provence-according-to-seasons\/winter\/snowshoe-hikes-2","og_site_name":"En route Provence","article_modified_time":"2022-07-15T12:40:42+00:00","og_image":[{"url":"https:\/\/www.enrouteprovence.fr\/wp-content\/uploads\/2016\/01\/raquettes_3-marcheurs-dos-1.jpg","type":"","width":"","height":""}],"twitter_card":"summary_large_image","twitter_misc":{"Dur\u00e9e de lecture estim\u00e9e":"1 minute"},"schema":{"@context":"https:\/\/schema.org","@graph":[{"@type":"WebPage","@id":"https:\/\/www.enrouteprovence.fr\/hiking-walking-tours-provence-france\/specialtours\/provence-according-to-seasons\/winter\/snowshoe-hikes-2","url":"https:\/\/www.enrouteprovence.fr\/hiking-walking-tours-provence-france\/specialtours\/provence-according-to-seasons\/winter\/snowshoe-hikes-2","name":"Randonn\u00e9es raquette | En route Provence","isPartOf":{"@id":"https:\/\/www.enrouteprovence.fr\/hiking-walking-tours-provence-france\/#website"},"primaryImageOfPage":{"@id":"https:\/\/www.enrouteprovence.fr\/hiking-walking-tours-provence-france\/specialtours\/provence-according-to-seasons\/winter\/snowshoe-hikes-2#primaryimage"},"image":{"@id":"https:\/\/www.enrouteprovence.fr\/hiking-walking-tours-provence-france\/specialtours\/provence-according-to-seasons\/winter\/snowshoe-hikes-2#primaryimage"},"thumbnailUrl":"https:\/\/www.enrouteprovence.fr\/wp-content\/uploads\/2016\/01\/raquettes_3-marcheurs-dos-1.jpg","datePublished":"2016-04-03T15:21:14+00:00","dateModified":"2022-07-15T12:40:42+00:00","description":"Come and discover Provence's outdoors on foot, escorted by a local walking guide, and get the most of its multiple faces : the pretty Provence towns and villages, from Gordes, Roussillon, St-Tropez, Vence or Bormes les Mimosas to St Remy or Les Baux de Provence, lush vineyards, colorful countryside and bright rugged landscapes like those of the Calanques National Park. Whatever your plan: the best of day trips from Nice or Marseille, a daily walk over one week in the Luberon or just the ascent of Mont Ventoux or Sainte-Victoire, we can provide you our experience and knowledge.","breadcrumb":{"@id":"https:\/\/www.enrouteprovence.fr\/hiking-walking-tours-provence-france\/specialtours\/provence-according-to-seasons\/winter\/snowshoe-hikes-2#breadcrumb"},"inLanguage":"fr-FR","potentialAction":[{"@type":"ReadAction","target":["https:\/\/www.enrouteprovence.fr\/hiking-walking-tours-provence-france\/specialtours\/provence-according-to-seasons\/winter\/snowshoe-hikes-2"]}]},{"@type":"ImageObject","inLanguage":"fr-FR","@id":"https:\/\/www.enrouteprovence.fr\/hiking-walking-tours-provence-france\/specialtours\/provence-according-to-seasons\/winter\/snowshoe-hikes-2#primaryimage","url":"https:\/\/www.enrouteprovence.fr\/wp-content\/uploads\/2016\/01\/raquettes_3-marcheurs-dos-1.jpg","contentUrl":"https:\/\/www.enrouteprovence.fr\/wp-content\/uploads\/2016\/01\/raquettes_3-marcheurs-dos-1.jpg"},{"@type":"BreadcrumbList","@id":"https:\/\/www.enrouteprovence.fr\/hiking-walking-tours-provence-france\/specialtours\/provence-according-to-seasons\/winter\/snowshoe-hikes-2#breadcrumb","itemListElement":[{"@type":"ListItem","position":1,"name":"Home","item":"https:\/\/www.enrouteprovence.fr\/hiking-walking-tours-provence-france\/fr"},{"@type":"ListItem","position":2,"name":"Randonn\u00e9es \u00e0 th\u00e8me","item":"https:\/\/www.enrouteprovence.fr\/hiking-walking-tours-provence-france\/fr\/randonnees-a-theme"},{"@type":"ListItem","position":3,"name":"La Provence au gr\u00e9 des saisons","item":"https:\/\/www.enrouteprovence.fr\/hiking-walking-tours-provence-france\/fr\/randonnees-a-theme\/la-provence-au-gre-des-saisons"},{"@type":"ListItem","position":4,"name":"L&rsquo;hiver","item":"https:\/\/www.enrouteprovence.fr\/hiking-walking-tours-provence-france\/fr\/randonnees-a-theme\/la-provence-au-gre-des-saisons\/lhiver"},{"@type":"ListItem","position":5,"name":"Randonn\u00e9es raquette"}]},{"@type":"WebSite","@id":"https:\/\/www.enrouteprovence.fr\/hiking-walking-tours-provence-france\/#website","url":"https:\/\/www.enrouteprovence.fr\/hiking-walking-tours-provence-france\/","name":"En route Provence","description":"Walking Provence with a local guide","publisher":{"@id":"https:\/\/www.enrouteprovence.fr\/hiking-walking-tours-provence-france\/#\/schema\/person\/af05f7bb993f95aa77136a6845e974d1"},"potentialAction":[{"@type":"SearchAction","target":{"@type":"EntryPoint","urlTemplate":"https:\/\/www.enrouteprovence.fr\/hiking-walking-tours-provence-france\/?s={search_term_string}"},"query-input":{"@type":"PropertyValueSpecification","valueRequired":true,"valueName":"search_term_string"}}],"inLanguage":"fr-FR"},{"@type":["Person","Organization"],"@id":"https:\/\/www.enrouteprovence.fr\/hiking-walking-tours-provence-france\/#\/schema\/person\/af05f7bb993f95aa77136a6845e974d1","name":"jean-bernard-jb","image":{"@type":"ImageObject","inLanguage":"fr-FR","@id":"https:\/\/secure.gravatar.com\/avatar\/25948e7e644d7187247bba1791838724eaccec85389611bf578fb1d316dab3d9?s=96&d=mm&r=g","url":"https:\/\/secure.gravatar.com\/avatar\/25948e7e644d7187247bba1791838724eaccec85389611bf578fb1d316dab3d9?s=96&d=mm&r=g","contentUrl":"https:\/\/secure.gravatar.com\/avatar\/25948e7e644d7187247bba1791838724eaccec85389611bf578fb1d316dab3d9?s=96&d=mm&r=g","caption":"jean-bernard-jb"},"logo":{"@id":"https:\/\/secure.gravatar.com\/avatar\/25948e7e644d7187247bba1791838724eaccec85389611bf578fb1d316dab3d9?s=96&d=mm&r=g"}}]}},"_links":{"self":[{"href":"https:\/\/www.enrouteprovence.fr\/hiking-walking-tours-provence-france\/fr\/wp-json\/wp\/v2\/pages\/1328","targetHints":{"allow":["GET"]}}],"collection":[{"href":"https:\/\/www.enrouteprovence.fr\/hiking-walking-tours-provence-france\/fr\/wp-json\/wp\/v2\/pages"}],"about":[{"href":"https:\/\/www.enrouteprovence.fr\/hiking-walking-tours-provence-france\/fr\/wp-json\/wp\/v2\/types\/page"}],"author":[{"embeddable":true,"href":"https:\/\/www.enrouteprovence.fr\/hiking-walking-tours-provence-france\/fr\/wp-json\/wp\/v2\/users\/1"}],"replies":[{"embeddable":true,"href":"https:\/\/www.enrouteprovence.fr\/hiking-walking-tours-provence-france\/fr\/wp-json\/wp\/v2\/comments?post=1328"}],"version-history":[{"count":9,"href":"https:\/\/www.enrouteprovence.fr\/hiking-walking-tours-provence-france\/fr\/wp-json\/wp\/v2\/pages\/1328\/revisions"}],"predecessor-version":[{"id":13098,"href":"https:\/\/www.enrouteprovence.fr\/hiking-walking-tours-provence-france\/fr\/wp-json\/wp\/v2\/pages\/1328\/revisions\/13098"}],"up":[{"embeddable":true,"href":"https:\/\/www.enrouteprovence.fr\/hiking-walking-tours-provence-france\/fr\/wp-json\/wp\/v2\/pages\/104"}],"wp:attachment":[{"href":"https:\/\/www.enrouteprovence.fr\/hiking-walking-tours-provence-france\/fr\/wp-json\/wp\/v2\/media?parent=1328"}],"curies":[{"name":"wp","href":"https:\/\/api.w.org\/{rel}","templated":true}]}}