{"id":143,"date":"2016-01-28T11:28:13","date_gmt":"2016-01-28T10:28:13","guid":{"rendered":"http:\/\/www.enrouteprovence.fr\/?page_id=143"},"modified":"2023-04-02T06:03:49","modified_gmt":"2023-04-02T05:03:49","slug":"gorges-du-verdon","status":"publish","type":"page","link":"https:\/\/www.enrouteprovence.fr\/hiking-walking-tours-provence-france\/fr\/regions\/gorges-du-verdon","title":{"rendered":"Gorges du Verdon"},"content":{"rendered":"<section id=\"builder-section-1453976685516\" class=\"builder-section-first builder-section builder-section-banner builder-section-next-text\" style=\"background-repeat: repeat;background-position: center center;\">\n<div class=\"builder-section-content\">\n<div class=\"builder-banner-slide content-position-none\" style=\"background-color:#1e73be;\">\n<div class=\"builder-banner-content\">\n<div class=\"builder-banner-inner-content\">\n<h2 style=\"text-align: center;\"><span style=\"color: #ffffff;\"><span style=\"color: #ffffff;\">Les gorges du Verdon<br \/><\/span><small>Le grand canyon d&rsquo;Europe<\/small><\/span><\/h2>\n<\/p><\/div>\n<\/p><\/div>\n<\/p><\/div>\n<\/p><\/div>\n<\/section>\n<section id=\"builder-section-1453976803096\" class=\"builder-section-prev-banner builder-section builder-section-text builder-section-next-text builder-section-full-width builder-text-columns-2\" style=\"background-repeat: repeat;background-position: center center;\">\n<div class=\"builder-section-content\">\n<div class=\"builder-text-row\">\n<div class=\"builder-text-column builder-text-column-1\" id=\"builder-section-1453976803096-column-1\">\n<div class=\"builder-text-content\">\n<h3>\u00a0<\/h3>\n<h3 style=\"text-align: center;\"><strong>Le sentier de l&rsquo;Imbut,<br \/>le plus spectaculaire des gorges du Verdon<br \/><\/strong><\/h3>\n<p>\u00a0<\/p>\n<p style=\"text-align: justify;\">Au c\u0153ur de l&rsquo;arri\u00e8re-pays proven\u00e7al, \u00e0 \u00e9gale distance de Marseille et Nice, les gorges du Verdon sont l&rsquo;un des canyons d&rsquo;Europe les plus magnifiques. Offrant des points de vue spectaculaires sur le Verdon, tant\u00f4t bleu turquoise, tant\u00f4t vert \u00e9meraude, le sentier de l&rsquo;Imbut suit la rivi\u00e8re au plus pr\u00e8s. Apr\u00e8s \u00eatre descendu au fond du canyon, vous vivrez au cours des heures suivantes des sensations de joie intense.<\/p>\n<p style=\"text-align: justify;\">Si, dans sa derni\u00e8re partie, certaines portions du parcours ne sont pas faciles pour des randonneurs peu habitu\u00e9s, il sera possible \u00e0 tout moment de faire demi-tour car l&rsquo;itin\u00e9raire est un aller-retour.<\/p>\n<p>\u00a0<\/p>\n<p style=\"text-align: justify;\"><strong>Dur\u00e9e de marche\u00a0<\/strong>: 4 heures<strong><br \/>Niveau\u00a0<\/strong>: de mod\u00e9r\u00e9 \u00e0 assez difficile<strong><\/p>\n<p><\/strong><\/p>\n<\/p><\/div>\n<\/p><\/div>\n<div class=\"builder-text-column builder-text-column-2\" id=\"builder-section-1453976803096-column-2\">\n<div class=\"builder-text-content\">\n<p><img data-recalc-dims=\"1\" loading=\"lazy\" decoding=\"async\" class=\"alignnone size-full wp-image-1118\" src=\"https:\/\/i0.wp.com\/www.enrouteprovence.fr\/wp-content\/uploads\/2016\/01\/Verdon_couloir_2-marcheurs-face.jpg?resize=515%2C613&#038;ssl=1\" width=\"515\" height=\"613\" srcset=\"https:\/\/i0.wp.com\/www.enrouteprovence.fr\/wp-content\/uploads\/2016\/01\/Verdon_couloir_2-marcheurs-face.jpg?w=387&amp;ssl=1 387w, https:\/\/i0.wp.com\/www.enrouteprovence.fr\/wp-content\/uploads\/2016\/01\/Verdon_couloir_2-marcheurs-face.jpg?resize=252%2C300&amp;ssl=1 252w\" sizes=\"auto, (max-width: 515px) 100vw, 515px\" \/><\/p>\n<\/p><\/div>\n<\/p><\/div>\n<\/p><\/div>\n<\/p><\/div>\n<\/section>\n<section id=\"builder-section-1453976716646\" class=\"builder-section-prev-text builder-section builder-section-text builder-section-next-text builder-section-full-width builder-text-columns-2\" style=\"background-repeat: repeat;background-position: center center;\">\n<div class=\"builder-section-content\">\n<div class=\"builder-text-row\">\n<div class=\"builder-text-column builder-text-column-1\" id=\"builder-section-1453976716646-column-1\">\n<div class=\"builder-text-content\">\n<p><img data-recalc-dims=\"1\" loading=\"lazy\" decoding=\"async\" class=\"alignnone size-large wp-image-14305\" src=\"https:\/\/i0.wp.com\/www.enrouteprovence.fr\/wp-content\/uploads\/2023\/03\/basses_gorges_pxb.jpg?resize=960%2C720&#038;ssl=1\" alt=\"\" width=\"960\" height=\"720\" srcset=\"https:\/\/i0.wp.com\/www.enrouteprovence.fr\/wp-content\/uploads\/2023\/03\/basses_gorges_pxb.jpg?resize=1024%2C768&amp;ssl=1 1024w, https:\/\/i0.wp.com\/www.enrouteprovence.fr\/wp-content\/uploads\/2023\/03\/basses_gorges_pxb.jpg?resize=300%2C225&amp;ssl=1 300w, https:\/\/i0.wp.com\/www.enrouteprovence.fr\/wp-content\/uploads\/2023\/03\/basses_gorges_pxb.jpg?resize=768%2C576&amp;ssl=1 768w, https:\/\/i0.wp.com\/www.enrouteprovence.fr\/wp-content\/uploads\/2023\/03\/basses_gorges_pxb.jpg?resize=24%2C18&amp;ssl=1 24w, https:\/\/i0.wp.com\/www.enrouteprovence.fr\/wp-content\/uploads\/2023\/03\/basses_gorges_pxb.jpg?resize=36%2C27&amp;ssl=1 36w, https:\/\/i0.wp.com\/www.enrouteprovence.fr\/wp-content\/uploads\/2023\/03\/basses_gorges_pxb.jpg?resize=48%2C36&amp;ssl=1 48w, https:\/\/i0.wp.com\/www.enrouteprovence.fr\/wp-content\/uploads\/2023\/03\/basses_gorges_pxb.jpg?w=1280&amp;ssl=1 1280w\" sizes=\"auto, (max-width: 960px) 100vw, 960px\" \/><\/p>\n<\/p><\/div>\n<\/p><\/div>\n<div class=\"builder-text-column builder-text-column-2\" id=\"builder-section-1453976716646-column-2\">\n<div class=\"builder-text-content\">\n<h3 style=\"text-align: center;\"><strong>Les basses gorges du Verdon\u00a0<\/strong><\/h3>\n<p>\u00a0<\/p>\n<p style=\"text-align: justify;\">Certainement moins spectaculaires que les grandes\u00a0<em>gorges du Verdon<\/em>, les\u00a0<em>basses gorges<\/em>\u00a0offrent des paysages sauvages magnifiques, elles aussi ; et elles sont relativement plus faciles d\u2019acc\u00e8s. Ce superbe sentier, qui longe la rivi\u00e8re gr\u00e2ce \u00e0 des passerelles et des passages creus\u00e9es dans le rocher, m\u00e8ne jusqu\u2019\u00e0 la chapelle Sainte-Maxime, situ\u00e9e sur un \u00e9peron rocheux dominant les gorges. Tout au long du parcours, vous pourrez b\u00e9n\u00e9ficier de tr\u00e8s belles vues sur les eaux couleur \u00e9meraude de la rivi\u00e8re.<br \/>Une randonn\u00e9e vraiment jolie en plein c\u0153ur de la haute Provence.<\/p>\n<p style=\"text-align: justify;\"><strong>Dur\u00e9e de marche<\/strong>\u00a0: 3 heures\u00a0<br \/><strong>Niveau<\/strong>\u00a0: assez facile\u00a0<\/p>\n<\/p><\/div>\n<\/p><\/div>\n<\/p><\/div>\n<\/p><\/div>\n<\/section>\n<section id=\"builder-section-1518685379981\" class=\"builder-section-prev-text builder-section builder-section-text builder-section-last builder-section-full-width builder-text-columns-2\" style=\"background-repeat: repeat;background-position: center center;\">\n<div class=\"builder-section-content\">\n<div class=\"builder-text-row\">\n<div class=\"builder-text-column builder-text-column-1\" id=\"builder-section-1518685379981-column-1\">\n<div class=\"builder-text-content\">\n<h3 style=\"text-align: center;\"><strong>Le sentier Blanc-Martel<br \/><\/strong><strong>le grand canyon accessible \u00e0 tous,<\/strong><\/h3>\n<p>\u00a0<\/p>\n<p style=\"text-align: justify;\">Le\u00a0<em>Sentier Blanc-Martel <\/em>est le sentier p\u00e9destre le plus renomm\u00e9 parmi toutes ceux parcourant les\u00a0<em>Gorges du Verdon<\/em>. C&rsquo;est probablement parce qu&rsquo;il descend depuis le rebord du canyon jusqu&rsquo;au fond des gorges permettant aux randonneurs d&rsquo;admirer la rivi\u00e8re pendant plus de 5 heures. Le plus souvent, le sentier suit celle-ci de pr\u00e8s, offrant des vues superbes sur les couleurs vert \u00e9meraude de ses eaux, couleurs qui contrastent avec le gris clair des rochers, tout particuli\u00e8rement dans les passages \u00e9troits.<br \/>Au cours de cette fabuleuse randonn\u00e9e, vous d\u00e9couvrirez une biodiversit\u00e9 \u00e9tonnante, de la plante la plus commune \u00e0 l&rsquo;esp\u00e8ce la plus rare et vous aurez sans doute de nombreuses occasions d&rsquo;admirer les grands vautours fauves, une esp\u00e8ce dont plusieurs individus ont \u00e9t\u00e9 r\u00e9introduits en 1999.<br \/>Un \u00ab\u00a0must\u00a0\u00bb pour celui qui vient marcher en Provence.<\/p>\n<p>\u00a0<\/p>\n<p style=\"text-align: justify;\"><strong>Dur\u00e9e de marche\u00a0<\/strong>: 6 heures<strong><br \/>Niveau\u00a0<\/strong>: assez difficile<\/p>\n<p>\u00a0<\/p>\n<\/p><\/div>\n<\/p><\/div>\n<div class=\"builder-text-column builder-text-column-2\" id=\"builder-section-1518685379981-column-2\">\n<div class=\"builder-text-content\">\n<p><img data-recalc-dims=\"1\" loading=\"lazy\" decoding=\"async\" class=\"alignnone size-full wp-image-1122\" src=\"https:\/\/i0.wp.com\/www.enrouteprovence.fr\/wp-content\/uploads\/2016\/01\/Verdon_hautes-falaises_-2-marcheurs-face.jpg?resize=720%2C783&#038;ssl=1\" width=\"720\" height=\"783\" srcset=\"https:\/\/i0.wp.com\/www.enrouteprovence.fr\/wp-content\/uploads\/2016\/01\/Verdon_hautes-falaises_-2-marcheurs-face.jpg?w=960&amp;ssl=1 960w, https:\/\/i0.wp.com\/www.enrouteprovence.fr\/wp-content\/uploads\/2016\/01\/Verdon_hautes-falaises_-2-marcheurs-face.jpg?resize=276%2C300&amp;ssl=1 276w, https:\/\/i0.wp.com\/www.enrouteprovence.fr\/wp-content\/uploads\/2016\/01\/Verdon_hautes-falaises_-2-marcheurs-face.jpg?resize=768%2C835&amp;ssl=1 768w, https:\/\/i0.wp.com\/www.enrouteprovence.fr\/wp-content\/uploads\/2016\/01\/Verdon_hautes-falaises_-2-marcheurs-face.jpg?resize=942%2C1024&amp;ssl=1 942w\" sizes=\"auto, (max-width: 720px) 100vw, 720px\" \/><\/p>\n<\/p><\/div>\n<\/p><\/div>\n<\/p><\/div>\n<\/p><\/div>\n<\/section>\n","protected":false},"excerpt":{"rendered":"<p>Les gorges du VerdonLe grand canyon d&rsquo;Europe \u00a0 Le sentier de l&rsquo;Imbut,le plus spectaculaire des gorges du Verdon \u00a0 Au c\u0153ur de l&rsquo;arri\u00e8re-pays proven\u00e7al, \u00e0 \u00e9gale distance de Marseille et Nice, les gorges du Verdon sont l&rsquo;un des canyons d&rsquo;Europe les plus magnifiques. Offrant des points de vue spectaculaires sur le Verdon, tant\u00f4t bleu turquoise, &hellip;<\/p>\n","protected":false},"author":1,"featured_media":0,"parent":43,"menu_order":0,"comment_status":"closed","ping_status":"closed","template":"template-builder.php","meta":{"footnotes":""},"class_list":["post-143","page","type-page","status-publish","hentry"],"yoast_head":"<!-- This site is optimized with the Yoast SEO plugin v27.4 - https:\/\/yoast.com\/product\/yoast-seo-wordpress\/ -->\n<title>Gorges du Verdon | En route Provence<\/title>\n<meta name=\"description\" content=\"Come and discover Provence&#039;s outdoors on foot, escorted by a local walking guide, and get the most of its multiple faces : the pretty Provence towns and villages, from Gordes, Roussillon, St-Tropez, Vence or Bormes les Mimosas to St Remy or Les Baux de Provence, lush vineyards, colorful countryside and bright rugged landscapes like those of the Calanques National Park. Whatever your plan: the best of day trips from Nice or Marseille, a daily walk over one week in the Luberon or just the ascent of Mont Ventoux or Sainte-Victoire, we can provide you our experience and knowledge.\" \/>\n<meta name=\"robots\" content=\"index, follow, max-snippet:-1, max-image-preview:large, max-video-preview:-1\" \/>\n<link rel=\"canonical\" href=\"https:\/\/www.enrouteprovence.fr\/hiking-walking-tours-provence-france\/regions\/guided-hiking-tours-gorges-du-verdon\" \/>\n<meta property=\"og:locale\" content=\"fr_FR\" \/>\n<meta property=\"og:type\" content=\"article\" \/>\n<meta property=\"og:title\" content=\"Gorges du Verdon | En route Provence\" \/>\n<meta property=\"og:description\" content=\"Come and discover Provence&#039;s outdoors on foot, escorted by a local walking guide, and get the most of its multiple faces : the pretty Provence towns and villages, from Gordes, Roussillon, St-Tropez, Vence or Bormes les Mimosas to St Remy or Les Baux de Provence, lush vineyards, colorful countryside and bright rugged landscapes like those of the Calanques National Park. Whatever your plan: the best of day trips from Nice or Marseille, a daily walk over one week in the Luberon or just the ascent of Mont Ventoux or Sainte-Victoire, we can provide you our experience and knowledge.\" \/>\n<meta property=\"og:url\" content=\"https:\/\/www.enrouteprovence.fr\/hiking-walking-tours-provence-france\/regions\/guided-hiking-tours-gorges-du-verdon\" \/>\n<meta property=\"og:site_name\" content=\"En route Provence\" \/>\n<meta property=\"article:modified_time\" content=\"2023-04-02T05:03:49+00:00\" \/>\n<meta property=\"og:image\" content=\"https:\/\/www.enrouteprovence.fr\/wp-content\/uploads\/2016\/01\/Verdon_couloir_2-marcheurs-face.jpg\" \/>\n<meta name=\"twitter:card\" content=\"summary_large_image\" \/>\n<meta name=\"twitter:label1\" content=\"Dur\u00e9e de lecture estim\u00e9e\" \/>\n\t<meta name=\"twitter:data1\" content=\"3 minutes\" \/>\n<script type=\"application\/ld+json\" class=\"yoast-schema-graph\">{\"@context\":\"https:\\\/\\\/schema.org\",\"@graph\":[{\"@type\":\"WebPage\",\"@id\":\"https:\\\/\\\/www.enrouteprovence.fr\\\/hiking-walking-tours-provence-france\\\/regions\\\/guided-hiking-tours-gorges-du-verdon\",\"url\":\"https:\\\/\\\/www.enrouteprovence.fr\\\/hiking-walking-tours-provence-france\\\/regions\\\/guided-hiking-tours-gorges-du-verdon\",\"name\":\"Gorges du Verdon | En route Provence\",\"isPartOf\":{\"@id\":\"https:\\\/\\\/www.enrouteprovence.fr\\\/hiking-walking-tours-provence-france\\\/#website\"},\"primaryImageOfPage\":{\"@id\":\"https:\\\/\\\/www.enrouteprovence.fr\\\/hiking-walking-tours-provence-france\\\/regions\\\/guided-hiking-tours-gorges-du-verdon#primaryimage\"},\"image\":{\"@id\":\"https:\\\/\\\/www.enrouteprovence.fr\\\/hiking-walking-tours-provence-france\\\/regions\\\/guided-hiking-tours-gorges-du-verdon#primaryimage\"},\"thumbnailUrl\":\"https:\\\/\\\/www.enrouteprovence.fr\\\/wp-content\\\/uploads\\\/2016\\\/01\\\/Verdon_couloir_2-marcheurs-face.jpg\",\"datePublished\":\"2016-01-28T10:28:13+00:00\",\"dateModified\":\"2023-04-02T05:03:49+00:00\",\"description\":\"Come and discover Provence's outdoors on foot, escorted by a local walking guide, and get the most of its multiple faces : the pretty Provence towns and villages, from Gordes, Roussillon, St-Tropez, Vence or Bormes les Mimosas to St Remy or Les Baux de Provence, lush vineyards, colorful countryside and bright rugged landscapes like those of the Calanques National Park. Whatever your plan: the best of day trips from Nice or Marseille, a daily walk over one week in the Luberon or just the ascent of Mont Ventoux or Sainte-Victoire, we can provide you our experience and knowledge.\",\"breadcrumb\":{\"@id\":\"https:\\\/\\\/www.enrouteprovence.fr\\\/hiking-walking-tours-provence-france\\\/regions\\\/guided-hiking-tours-gorges-du-verdon#breadcrumb\"},\"inLanguage\":\"fr-FR\",\"potentialAction\":[{\"@type\":\"ReadAction\",\"target\":[\"https:\\\/\\\/www.enrouteprovence.fr\\\/hiking-walking-tours-provence-france\\\/regions\\\/guided-hiking-tours-gorges-du-verdon\"]}]},{\"@type\":\"ImageObject\",\"inLanguage\":\"fr-FR\",\"@id\":\"https:\\\/\\\/www.enrouteprovence.fr\\\/hiking-walking-tours-provence-france\\\/regions\\\/guided-hiking-tours-gorges-du-verdon#primaryimage\",\"url\":\"https:\\\/\\\/www.enrouteprovence.fr\\\/wp-content\\\/uploads\\\/2016\\\/01\\\/Verdon_couloir_2-marcheurs-face.jpg\",\"contentUrl\":\"https:\\\/\\\/www.enrouteprovence.fr\\\/wp-content\\\/uploads\\\/2016\\\/01\\\/Verdon_couloir_2-marcheurs-face.jpg\"},{\"@type\":\"BreadcrumbList\",\"@id\":\"https:\\\/\\\/www.enrouteprovence.fr\\\/hiking-walking-tours-provence-france\\\/regions\\\/guided-hiking-tours-gorges-du-verdon#breadcrumb\",\"itemListElement\":[{\"@type\":\"ListItem\",\"position\":1,\"name\":\"Home\",\"item\":\"https:\\\/\\\/www.enrouteprovence.fr\\\/hiking-walking-tours-provence-france\\\/fr\"},{\"@type\":\"ListItem\",\"position\":2,\"name\":\"R\u00e9gions\",\"item\":\"https:\\\/\\\/www.enrouteprovence.fr\\\/hiking-walking-tours-provence-france\\\/fr\\\/regions\"},{\"@type\":\"ListItem\",\"position\":3,\"name\":\"Gorges du Verdon\"}]},{\"@type\":\"WebSite\",\"@id\":\"https:\\\/\\\/www.enrouteprovence.fr\\\/hiking-walking-tours-provence-france\\\/#website\",\"url\":\"https:\\\/\\\/www.enrouteprovence.fr\\\/hiking-walking-tours-provence-france\\\/\",\"name\":\"En route Provence\",\"description\":\"Walking Provence with a local guide\",\"publisher\":{\"@id\":\"https:\\\/\\\/www.enrouteprovence.fr\\\/hiking-walking-tours-provence-france\\\/#\\\/schema\\\/person\\\/af05f7bb993f95aa77136a6845e974d1\"},\"potentialAction\":[{\"@type\":\"SearchAction\",\"target\":{\"@type\":\"EntryPoint\",\"urlTemplate\":\"https:\\\/\\\/www.enrouteprovence.fr\\\/hiking-walking-tours-provence-france\\\/?s={search_term_string}\"},\"query-input\":{\"@type\":\"PropertyValueSpecification\",\"valueRequired\":true,\"valueName\":\"search_term_string\"}}],\"inLanguage\":\"fr-FR\"},{\"@type\":[\"Person\",\"Organization\"],\"@id\":\"https:\\\/\\\/www.enrouteprovence.fr\\\/hiking-walking-tours-provence-france\\\/#\\\/schema\\\/person\\\/af05f7bb993f95aa77136a6845e974d1\",\"name\":\"jean-bernard-jb\",\"image\":{\"@type\":\"ImageObject\",\"inLanguage\":\"fr-FR\",\"@id\":\"https:\\\/\\\/secure.gravatar.com\\\/avatar\\\/25948e7e644d7187247bba1791838724eaccec85389611bf578fb1d316dab3d9?s=96&d=mm&r=g\",\"url\":\"https:\\\/\\\/secure.gravatar.com\\\/avatar\\\/25948e7e644d7187247bba1791838724eaccec85389611bf578fb1d316dab3d9?s=96&d=mm&r=g\",\"contentUrl\":\"https:\\\/\\\/secure.gravatar.com\\\/avatar\\\/25948e7e644d7187247bba1791838724eaccec85389611bf578fb1d316dab3d9?s=96&d=mm&r=g\",\"caption\":\"jean-bernard-jb\"},\"logo\":{\"@id\":\"https:\\\/\\\/secure.gravatar.com\\\/avatar\\\/25948e7e644d7187247bba1791838724eaccec85389611bf578fb1d316dab3d9?s=96&d=mm&r=g\"}}]}<\/script>\n<!-- \/ Yoast SEO plugin. -->","yoast_head_json":{"title":"Gorges du Verdon | En route Provence","description":"Come and discover Provence's outdoors on foot, escorted by a local walking guide, and get the most of its multiple faces : the pretty Provence towns and villages, from Gordes, Roussillon, St-Tropez, Vence or Bormes les Mimosas to St Remy or Les Baux de Provence, lush vineyards, colorful countryside and bright rugged landscapes like those of the Calanques National Park. Whatever your plan: the best of day trips from Nice or Marseille, a daily walk over one week in the Luberon or just the ascent of Mont Ventoux or Sainte-Victoire, we can provide you our experience and knowledge.","robots":{"index":"index","follow":"follow","max-snippet":"max-snippet:-1","max-image-preview":"max-image-preview:large","max-video-preview":"max-video-preview:-1"},"canonical":"https:\/\/www.enrouteprovence.fr\/hiking-walking-tours-provence-france\/regions\/guided-hiking-tours-gorges-du-verdon","og_locale":"fr_FR","og_type":"article","og_title":"Gorges du Verdon | En route Provence","og_description":"Come and discover Provence's outdoors on foot, escorted by a local walking guide, and get the most of its multiple faces : the pretty Provence towns and villages, from Gordes, Roussillon, St-Tropez, Vence or Bormes les Mimosas to St Remy or Les Baux de Provence, lush vineyards, colorful countryside and bright rugged landscapes like those of the Calanques National Park. Whatever your plan: the best of day trips from Nice or Marseille, a daily walk over one week in the Luberon or just the ascent of Mont Ventoux or Sainte-Victoire, we can provide you our experience and knowledge.","og_url":"https:\/\/www.enrouteprovence.fr\/hiking-walking-tours-provence-france\/regions\/guided-hiking-tours-gorges-du-verdon","og_site_name":"En route Provence","article_modified_time":"2023-04-02T05:03:49+00:00","og_image":[{"url":"https:\/\/www.enrouteprovence.fr\/wp-content\/uploads\/2016\/01\/Verdon_couloir_2-marcheurs-face.jpg","type":"","width":"","height":""}],"twitter_card":"summary_large_image","twitter_misc":{"Dur\u00e9e de lecture estim\u00e9e":"3 minutes"},"schema":{"@context":"https:\/\/schema.org","@graph":[{"@type":"WebPage","@id":"https:\/\/www.enrouteprovence.fr\/hiking-walking-tours-provence-france\/regions\/guided-hiking-tours-gorges-du-verdon","url":"https:\/\/www.enrouteprovence.fr\/hiking-walking-tours-provence-france\/regions\/guided-hiking-tours-gorges-du-verdon","name":"Gorges du Verdon | En route Provence","isPartOf":{"@id":"https:\/\/www.enrouteprovence.fr\/hiking-walking-tours-provence-france\/#website"},"primaryImageOfPage":{"@id":"https:\/\/www.enrouteprovence.fr\/hiking-walking-tours-provence-france\/regions\/guided-hiking-tours-gorges-du-verdon#primaryimage"},"image":{"@id":"https:\/\/www.enrouteprovence.fr\/hiking-walking-tours-provence-france\/regions\/guided-hiking-tours-gorges-du-verdon#primaryimage"},"thumbnailUrl":"https:\/\/www.enrouteprovence.fr\/wp-content\/uploads\/2016\/01\/Verdon_couloir_2-marcheurs-face.jpg","datePublished":"2016-01-28T10:28:13+00:00","dateModified":"2023-04-02T05:03:49+00:00","description":"Come and discover Provence's outdoors on foot, escorted by a local walking guide, and get the most of its multiple faces : the pretty Provence towns and villages, from Gordes, Roussillon, St-Tropez, Vence or Bormes les Mimosas to St Remy or Les Baux de Provence, lush vineyards, colorful countryside and bright rugged landscapes like those of the Calanques National Park. Whatever your plan: the best of day trips from Nice or Marseille, a daily walk over one week in the Luberon or just the ascent of Mont Ventoux or Sainte-Victoire, we can provide you our experience and knowledge.","breadcrumb":{"@id":"https:\/\/www.enrouteprovence.fr\/hiking-walking-tours-provence-france\/regions\/guided-hiking-tours-gorges-du-verdon#breadcrumb"},"inLanguage":"fr-FR","potentialAction":[{"@type":"ReadAction","target":["https:\/\/www.enrouteprovence.fr\/hiking-walking-tours-provence-france\/regions\/guided-hiking-tours-gorges-du-verdon"]}]},{"@type":"ImageObject","inLanguage":"fr-FR","@id":"https:\/\/www.enrouteprovence.fr\/hiking-walking-tours-provence-france\/regions\/guided-hiking-tours-gorges-du-verdon#primaryimage","url":"https:\/\/www.enrouteprovence.fr\/wp-content\/uploads\/2016\/01\/Verdon_couloir_2-marcheurs-face.jpg","contentUrl":"https:\/\/www.enrouteprovence.fr\/wp-content\/uploads\/2016\/01\/Verdon_couloir_2-marcheurs-face.jpg"},{"@type":"BreadcrumbList","@id":"https:\/\/www.enrouteprovence.fr\/hiking-walking-tours-provence-france\/regions\/guided-hiking-tours-gorges-du-verdon#breadcrumb","itemListElement":[{"@type":"ListItem","position":1,"name":"Home","item":"https:\/\/www.enrouteprovence.fr\/hiking-walking-tours-provence-france\/fr"},{"@type":"ListItem","position":2,"name":"R\u00e9gions","item":"https:\/\/www.enrouteprovence.fr\/hiking-walking-tours-provence-france\/fr\/regions"},{"@type":"ListItem","position":3,"name":"Gorges du Verdon"}]},{"@type":"WebSite","@id":"https:\/\/www.enrouteprovence.fr\/hiking-walking-tours-provence-france\/#website","url":"https:\/\/www.enrouteprovence.fr\/hiking-walking-tours-provence-france\/","name":"En route Provence","description":"Walking Provence with a local guide","publisher":{"@id":"https:\/\/www.enrouteprovence.fr\/hiking-walking-tours-provence-france\/#\/schema\/person\/af05f7bb993f95aa77136a6845e974d1"},"potentialAction":[{"@type":"SearchAction","target":{"@type":"EntryPoint","urlTemplate":"https:\/\/www.enrouteprovence.fr\/hiking-walking-tours-provence-france\/?s={search_term_string}"},"query-input":{"@type":"PropertyValueSpecification","valueRequired":true,"valueName":"search_term_string"}}],"inLanguage":"fr-FR"},{"@type":["Person","Organization"],"@id":"https:\/\/www.enrouteprovence.fr\/hiking-walking-tours-provence-france\/#\/schema\/person\/af05f7bb993f95aa77136a6845e974d1","name":"jean-bernard-jb","image":{"@type":"ImageObject","inLanguage":"fr-FR","@id":"https:\/\/secure.gravatar.com\/avatar\/25948e7e644d7187247bba1791838724eaccec85389611bf578fb1d316dab3d9?s=96&d=mm&r=g","url":"https:\/\/secure.gravatar.com\/avatar\/25948e7e644d7187247bba1791838724eaccec85389611bf578fb1d316dab3d9?s=96&d=mm&r=g","contentUrl":"https:\/\/secure.gravatar.com\/avatar\/25948e7e644d7187247bba1791838724eaccec85389611bf578fb1d316dab3d9?s=96&d=mm&r=g","caption":"jean-bernard-jb"},"logo":{"@id":"https:\/\/secure.gravatar.com\/avatar\/25948e7e644d7187247bba1791838724eaccec85389611bf578fb1d316dab3d9?s=96&d=mm&r=g"}}]}},"_links":{"self":[{"href":"https:\/\/www.enrouteprovence.fr\/hiking-walking-tours-provence-france\/fr\/wp-json\/wp\/v2\/pages\/143","targetHints":{"allow":["GET"]}}],"collection":[{"href":"https:\/\/www.enrouteprovence.fr\/hiking-walking-tours-provence-france\/fr\/wp-json\/wp\/v2\/pages"}],"about":[{"href":"https:\/\/www.enrouteprovence.fr\/hiking-walking-tours-provence-france\/fr\/wp-json\/wp\/v2\/types\/page"}],"author":[{"embeddable":true,"href":"https:\/\/www.enrouteprovence.fr\/hiking-walking-tours-provence-france\/fr\/wp-json\/wp\/v2\/users\/1"}],"replies":[{"embeddable":true,"href":"https:\/\/www.enrouteprovence.fr\/hiking-walking-tours-provence-france\/fr\/wp-json\/wp\/v2\/comments?post=143"}],"version-history":[{"count":19,"href":"https:\/\/www.enrouteprovence.fr\/hiking-walking-tours-provence-france\/fr\/wp-json\/wp\/v2\/pages\/143\/revisions"}],"predecessor-version":[{"id":14645,"href":"https:\/\/www.enrouteprovence.fr\/hiking-walking-tours-provence-france\/fr\/wp-json\/wp\/v2\/pages\/143\/revisions\/14645"}],"up":[{"embeddable":true,"href":"https:\/\/www.enrouteprovence.fr\/hiking-walking-tours-provence-france\/fr\/wp-json\/wp\/v2\/pages\/43"}],"wp:attachment":[{"href":"https:\/\/www.enrouteprovence.fr\/hiking-walking-tours-provence-france\/fr\/wp-json\/wp\/v2\/media?parent=143"}],"curies":[{"name":"wp","href":"https:\/\/api.w.org\/{rel}","templated":true}]}}