{"id":146,"date":"2016-01-28T11:31:57","date_gmt":"2016-01-28T10:31:57","guid":{"rendered":"http:\/\/www.enrouteprovence.fr\/?page_id=146"},"modified":"2023-04-26T09:35:52","modified_gmt":"2023-04-26T08:35:52","slug":"le-printemps","status":"publish","type":"page","link":"https:\/\/www.enrouteprovence.fr\/hiking-walking-tours-provence-france\/fr\/randonnees-a-theme\/la-provence-au-gre-des-saisons\/le-printemps","title":{"rendered":"Le printemps"},"content":{"rendered":"<section id=\"builder-section-1518935145742\" class=\"builder-section-first builder-section builder-section-banner builder-section-next-text\" style=\"background-repeat: repeat;background-position: center center;\">\n<div class=\"builder-section-content\">\n<div class=\"builder-banner-slide content-position-none\" style=\"background-color:#1e73be;\">\n<div class=\"builder-banner-content\">\n<div class=\"builder-banner-inner-content\">\n<h3 style=\"text-align: center;\"><strong><span style=\"color: #ffffff;\"><big>Quelques balades et randonn\u00e9es printani\u00e8res<\/big><\/span><\/strong><\/h3>\n<p>\u00a0<\/p>\n<\/p><\/div>\n<\/p><\/div>\n<\/p><\/div>\n<\/p><\/div>\n<\/section>\n<section id=\"builder-section-1453977029598\" class=\"builder-section-prev-banner builder-section builder-section-text builder-section-next-text builder-section-full-width builder-text-columns-2\" style=\"background-repeat: repeat;background-position: center center;\">\n<div class=\"builder-section-content\">\n<div class=\"builder-text-row\">\n<div class=\"builder-text-column builder-text-column-1\" id=\"builder-section-1453977029598-column-1\">\n<div class=\"builder-text-content\">\n<p><img data-recalc-dims=\"1\" loading=\"lazy\" decoding=\"async\" src=\"https:\/\/i0.wp.com\/www.enrouteprovence.fr\/wp-content\/uploads\/2016\/01\/marcheur-pied-Ste-Victoire-1.jpg?resize=960%2C793&#038;ssl=1\" width=\"960\" height=\"793\" class=\"alignnone size-full wp-image-1115\" \/><\/p>\n<\/p><\/div>\n<\/p><\/div>\n<div class=\"builder-text-column builder-text-column-2\" id=\"builder-section-1453977029598-column-2\">\n<div class=\"builder-text-content\">\n<h3>\u00a0<\/h3>\n<h3 style=\"text-align: center;\"><strong>Parcourant les collines au pied de<br \/><\/strong><strong>la montagne Sainte Victoire<\/strong><\/h3>\n<p>\u00a0<\/p>\n<p style=\"text-align: justify;\">Cette magnifique randonn\u00e9e vous conduit d&rsquo;abord \u00e0 la Roche Perc\u00e9e, un gros rocher perc\u00e9 d&rsquo;un grand trou, puis, \u00e0 travers champs d&rsquo;olives et pin\u00e8des, vous emm\u00e8ne progressivement au pied du versant sud-ouest de la m<em>ontagne Sainte Victoire<\/em>, celui peint si souvent par C\u00e9zanne. Depuis le petit refuge qui porte aujourd&rsquo;hui le nom du peintre, vous descendrez alors vers le sud, profitant de vues \u00e0 couper le souffle. Tout au long du parcours, vous pourrez sans doute observer de nombreuses fleurs qui feront de cette marche un moment color\u00e9 et odorant.\u00a0\u00a0<\/p>\n<p>\u00a0<\/p>\n<p style=\"text-align: justify;\"><strong>Dur\u00e9e de marche\u00a0<\/strong>: 4 heures\u00a0<strong><br \/>Niveau\u00a0<\/strong>: assez facile (sol rocheux)<strong><br \/><\/strong>\u00a0<\/p>\n<\/p><\/div>\n<\/p><\/div>\n<\/p><\/div>\n<\/p><\/div>\n<\/section>\n<section id=\"builder-section-1518936761257\" class=\"builder-section-prev-text builder-section builder-section-text builder-section-next-text builder-section-full-width builder-text-columns-2\" style=\"background-repeat: repeat;background-position: center center;\">\n<div class=\"builder-section-content\">\n<div class=\"builder-text-row\">\n<div class=\"builder-text-column builder-text-column-1\" id=\"builder-section-1518936761257-column-1\">\n<div class=\"builder-text-content\">\n<h3 style=\"text-align: center;\"><strong>La beaut\u00e9 paisible de<br \/>l&rsquo;\u00eele de Porquerolles<\/strong><\/h3>\n<p>\u00a0<\/p>\n<p style=\"text-align: justify;\">Pour avoir une id\u00e9e des vraies richesses des trois \u00eeles au large d&rsquo;<em>Hy\u00e8res<\/em>, pr\u00e8s de\u00a0<em>Toulon<\/em>, rappelez-vous simplement qu&rsquo;on les a appel\u00e9es\u00a0<em>Les Iles d\u2019Or<\/em>\u00a0: la splendeur intacte de leurs paysages c\u00f4tiers est unique. L&rsquo;\u00eele de\u00a0<em>Porquerolles<\/em>, la plus proche du continent, \u00e0 tout juste 10 minutes de bateau, abrite un charmant petit village. Mais son v\u00e9ritable tr\u00e9sor est la beaut\u00e9 de sa c\u00f4te escarp\u00e9e, faite de falaises abruptes et de criques cach\u00e9es, baign\u00e9es dans des eaux turquoise. Et c&rsquo;est en parcourant des sentiers o\u00f9 vous ne rencontrerez presque personne, \u00e0 travers une v\u00e9g\u00e9tation en fleurs d\u00e8s le mois de mars que vous atteindrez ces endroits idylliques ! Le paradis sur terre !\u00a0<\/p>\n<p style=\"text-align: justify;\"><strong>Dur\u00e9e de marche\u00a0<\/strong>: de 3 \u00e0 5 heures\u00a0<strong><br \/>Niveau\u00a0<\/strong>: mod\u00e9r\u00e9 (sections rocheuses)<strong><br \/><\/strong>\u00a0<\/p>\n<\/p><\/div>\n<\/p><\/div>\n<div class=\"builder-text-column builder-text-column-2\" id=\"builder-section-1518936761257-column-2\">\n<div class=\"builder-text-content\">\n<p><img data-recalc-dims=\"1\" loading=\"lazy\" decoding=\"async\" class=\"alignnone size-full wp-image-3056 aligncenter\" src=\"https:\/\/i0.wp.com\/www.enrouteprovence.fr\/wp-content\/uploads\/2016\/01\/C%C3%B4te-m%C3%A9diter._recadr%C3%A9-1.jpg?resize=492%2C367&#038;ssl=1\" width=\"492\" height=\"367\" srcset=\"https:\/\/i0.wp.com\/www.enrouteprovence.fr\/wp-content\/uploads\/2016\/01\/C%C3%B4te-m%C3%A9diter._recadr%C3%A9-1.jpg?w=492&amp;ssl=1 492w, https:\/\/i0.wp.com\/www.enrouteprovence.fr\/wp-content\/uploads\/2016\/01\/C%C3%B4te-m%C3%A9diter._recadr%C3%A9-1.jpg?resize=300%2C224&amp;ssl=1 300w\" sizes=\"auto, (max-width: 492px) 100vw, 492px\" \/><\/p>\n<\/p><\/div>\n<\/p><\/div>\n<\/p><\/div>\n<\/p><\/div>\n<\/section>\n<section id=\"builder-section-1518936776454\" class=\"builder-section-prev-text builder-section builder-section-text builder-section-last builder-section-full-width builder-text-columns-2\" style=\"background-repeat: repeat;background-position: center center;\">\n<div class=\"builder-section-content\">\n<div class=\"builder-text-row\">\n<div class=\"builder-text-column builder-text-column-1\" id=\"builder-section-1518936776454-column-1\">\n<div class=\"builder-text-content\">\n<p><img data-recalc-dims=\"1\" loading=\"lazy\" decoding=\"async\" class=\"alignnone size-large wp-image-14650\" src=\"https:\/\/i0.wp.com\/www.enrouteprovence.fr\/wp-content\/uploads\/2023\/04\/Gorges_regalon_2-1.jpg?resize=960%2C888&#038;ssl=1\" alt=\"\" width=\"960\" height=\"888\" srcset=\"https:\/\/i0.wp.com\/www.enrouteprovence.fr\/wp-content\/uploads\/2023\/04\/Gorges_regalon_2-1.jpg?resize=1024%2C947&amp;ssl=1 1024w, https:\/\/i0.wp.com\/www.enrouteprovence.fr\/wp-content\/uploads\/2023\/04\/Gorges_regalon_2-1.jpg?resize=300%2C277&amp;ssl=1 300w, https:\/\/i0.wp.com\/www.enrouteprovence.fr\/wp-content\/uploads\/2023\/04\/Gorges_regalon_2-1.jpg?resize=768%2C710&amp;ssl=1 768w, https:\/\/i0.wp.com\/www.enrouteprovence.fr\/wp-content\/uploads\/2023\/04\/Gorges_regalon_2-1.jpg?resize=24%2C22&amp;ssl=1 24w, https:\/\/i0.wp.com\/www.enrouteprovence.fr\/wp-content\/uploads\/2023\/04\/Gorges_regalon_2-1.jpg?resize=36%2C33&amp;ssl=1 36w, https:\/\/i0.wp.com\/www.enrouteprovence.fr\/wp-content\/uploads\/2023\/04\/Gorges_regalon_2-1.jpg?resize=48%2C44&amp;ssl=1 48w, https:\/\/i0.wp.com\/www.enrouteprovence.fr\/wp-content\/uploads\/2023\/04\/Gorges_regalon_2-1.jpg?w=1524&amp;ssl=1 1524w\" sizes=\"auto, (max-width: 960px) 100vw, 960px\" \/><\/p>\n<\/p><\/div>\n<\/p><\/div>\n<div class=\"builder-text-column builder-text-column-2\" id=\"builder-section-1518936776454-column-2\">\n<div class=\"builder-text-content\">\n<h3 style=\"text-align: center;\"><strong>Les gorges de R\u00e9galon et l\u2019histoire\u00a0<br \/><\/strong><strong>des Vaudois dans le Luberon<\/strong><\/h3>\n<p>\u00a0<\/p>\n<p style=\"text-align: justify;\">Cette randonn\u00e9e sera l\u2019occasion pour vous d\u2019apprendre l\u2019histoire des\u00a0<em>Vaudois<\/em>\u00a0dans le\u00a0Luberon au 16\u00a0<sup>\u00e8me<\/sup>\u00a0s. D\u00e9marrant de\u00a0<em>M\u00e9rindol<\/em>, un village dans la vall\u00e9e de la Durance,\u00a0 elle vous emm\u00e8ne ensuite sur les\u00a0plateaux pierreux au pied de la montagne du Petit Luberon. Elle se termine par la descente d\u2019un \u00e9troit et spectaculaire canyon, tr\u00e8s particulier en raison de la v\u00e9g\u00e9tation luxuriante qui y pousse, les\u00a0<em>Gorges de R\u00e9galon<\/em>, au-dessus desquelles des falaises de\u00a0plus de 80 m de haut s\u2019\u00e9l\u00e8vent au-dessus du sentier.<\/p>\n<p>\u00a0<\/p>\n<p><strong>Dur\u00e9e de marche<\/strong>\u00a0: 5 heures<br \/><strong>Niveau<\/strong>\u00a0: mod\u00e9r\u00e9 (sections pierreuses)<\/p>\n<\/p><\/div>\n<\/p><\/div>\n<\/p><\/div>\n<\/p><\/div>\n<\/section>\n","protected":false},"excerpt":{"rendered":"<p>Quelques balades et randonn\u00e9es printani\u00e8res \u00a0 \u00a0 Parcourant les collines au pied dela montagne Sainte Victoire \u00a0 Cette magnifique randonn\u00e9e vous conduit d&rsquo;abord \u00e0 la Roche Perc\u00e9e, un gros rocher perc\u00e9 d&rsquo;un grand trou, puis, \u00e0 travers champs d&rsquo;olives et pin\u00e8des, vous emm\u00e8ne progressivement au pied du versant sud-ouest de la montagne Sainte Victoire, celui &hellip;<\/p>\n","protected":false},"author":1,"featured_media":0,"parent":84,"menu_order":0,"comment_status":"closed","ping_status":"closed","template":"template-builder.php","meta":{"footnotes":""},"class_list":["post-146","page","type-page","status-publish","hentry"],"yoast_head":"<!-- This site is optimized with the Yoast SEO plugin v27.4 - https:\/\/yoast.com\/product\/yoast-seo-wordpress\/ -->\n<title>Le printemps | En route Provence<\/title>\n<meta name=\"description\" content=\"Come and discover Provence&#039;s outdoors on foot, escorted by a local walking guide, and get the most of its multiple faces : the pretty Provence towns and villages, from Gordes, Roussillon, St-Tropez, Vence or Bormes les Mimosas to St Remy or Les Baux de Provence, lush vineyards, colorful countryside and bright rugged landscapes like those of the Calanques National Park. Whatever your plan: the best of day trips from Nice or Marseille, a daily walk over one week in the Luberon or just the ascent of Mont Ventoux or Sainte-Victoire, we can provide you our experience and knowledge.\" \/>\n<meta name=\"robots\" content=\"index, follow, max-snippet:-1, max-image-preview:large, max-video-preview:-1\" \/>\n<link rel=\"canonical\" href=\"https:\/\/www.enrouteprovence.fr\/hiking-walking-tours-provence-france\/fr\/randonnees-a-theme\/la-provence-au-gre-des-saisons\/le-printemps\" \/>\n<meta property=\"og:locale\" content=\"fr_FR\" \/>\n<meta property=\"og:type\" content=\"article\" \/>\n<meta property=\"og:title\" content=\"Le printemps | En route Provence\" \/>\n<meta property=\"og:description\" content=\"Come and discover Provence&#039;s outdoors on foot, escorted by a local walking guide, and get the most of its multiple faces : the pretty Provence towns and villages, from Gordes, Roussillon, St-Tropez, Vence or Bormes les Mimosas to St Remy or Les Baux de Provence, lush vineyards, colorful countryside and bright rugged landscapes like those of the Calanques National Park. Whatever your plan: the best of day trips from Nice or Marseille, a daily walk over one week in the Luberon or just the ascent of Mont Ventoux or Sainte-Victoire, we can provide you our experience and knowledge.\" \/>\n<meta property=\"og:url\" content=\"https:\/\/www.enrouteprovence.fr\/hiking-walking-tours-provence-france\/fr\/randonnees-a-theme\/la-provence-au-gre-des-saisons\/le-printemps\" \/>\n<meta property=\"og:site_name\" content=\"En route Provence\" \/>\n<meta property=\"article:modified_time\" content=\"2023-04-26T08:35:52+00:00\" \/>\n<meta property=\"og:image\" content=\"https:\/\/www.enrouteprovence.fr\/wp-content\/uploads\/2016\/01\/marcheur-pied-Ste-Victoire-1.jpg\" \/>\n<meta name=\"twitter:card\" content=\"summary_large_image\" \/>\n<meta name=\"twitter:label1\" content=\"Dur\u00e9e de lecture estim\u00e9e\" \/>\n\t<meta name=\"twitter:data1\" content=\"3 minutes\" \/>\n<script type=\"application\/ld+json\" class=\"yoast-schema-graph\">{\"@context\":\"https:\\\/\\\/schema.org\",\"@graph\":[{\"@type\":\"WebPage\",\"@id\":\"https:\\\/\\\/www.enrouteprovence.fr\\\/hiking-walking-tours-provence-france\\\/fr\\\/randonnees-a-theme\\\/la-provence-au-gre-des-saisons\\\/le-printemps\",\"url\":\"https:\\\/\\\/www.enrouteprovence.fr\\\/hiking-walking-tours-provence-france\\\/fr\\\/randonnees-a-theme\\\/la-provence-au-gre-des-saisons\\\/le-printemps\",\"name\":\"Le printemps | En route Provence\",\"isPartOf\":{\"@id\":\"https:\\\/\\\/www.enrouteprovence.fr\\\/hiking-walking-tours-provence-france\\\/#website\"},\"primaryImageOfPage\":{\"@id\":\"https:\\\/\\\/www.enrouteprovence.fr\\\/hiking-walking-tours-provence-france\\\/fr\\\/randonnees-a-theme\\\/la-provence-au-gre-des-saisons\\\/le-printemps#primaryimage\"},\"image\":{\"@id\":\"https:\\\/\\\/www.enrouteprovence.fr\\\/hiking-walking-tours-provence-france\\\/fr\\\/randonnees-a-theme\\\/la-provence-au-gre-des-saisons\\\/le-printemps#primaryimage\"},\"thumbnailUrl\":\"https:\\\/\\\/www.enrouteprovence.fr\\\/wp-content\\\/uploads\\\/2016\\\/01\\\/marcheur-pied-Ste-Victoire-1.jpg\",\"datePublished\":\"2016-01-28T10:31:57+00:00\",\"dateModified\":\"2023-04-26T08:35:52+00:00\",\"description\":\"Come and discover Provence's outdoors on foot, escorted by a local walking guide, and get the most of its multiple faces : the pretty Provence towns and villages, from Gordes, Roussillon, St-Tropez, Vence or Bormes les Mimosas to St Remy or Les Baux de Provence, lush vineyards, colorful countryside and bright rugged landscapes like those of the Calanques National Park. Whatever your plan: the best of day trips from Nice or Marseille, a daily walk over one week in the Luberon or just the ascent of Mont Ventoux or Sainte-Victoire, we can provide you our experience and knowledge.\",\"breadcrumb\":{\"@id\":\"https:\\\/\\\/www.enrouteprovence.fr\\\/hiking-walking-tours-provence-france\\\/fr\\\/randonnees-a-theme\\\/la-provence-au-gre-des-saisons\\\/le-printemps#breadcrumb\"},\"inLanguage\":\"fr-FR\",\"potentialAction\":[{\"@type\":\"ReadAction\",\"target\":[\"https:\\\/\\\/www.enrouteprovence.fr\\\/hiking-walking-tours-provence-france\\\/fr\\\/randonnees-a-theme\\\/la-provence-au-gre-des-saisons\\\/le-printemps\"]}]},{\"@type\":\"ImageObject\",\"inLanguage\":\"fr-FR\",\"@id\":\"https:\\\/\\\/www.enrouteprovence.fr\\\/hiking-walking-tours-provence-france\\\/fr\\\/randonnees-a-theme\\\/la-provence-au-gre-des-saisons\\\/le-printemps#primaryimage\",\"url\":\"https:\\\/\\\/www.enrouteprovence.fr\\\/wp-content\\\/uploads\\\/2016\\\/01\\\/marcheur-pied-Ste-Victoire-1.jpg\",\"contentUrl\":\"https:\\\/\\\/www.enrouteprovence.fr\\\/wp-content\\\/uploads\\\/2016\\\/01\\\/marcheur-pied-Ste-Victoire-1.jpg\"},{\"@type\":\"BreadcrumbList\",\"@id\":\"https:\\\/\\\/www.enrouteprovence.fr\\\/hiking-walking-tours-provence-france\\\/fr\\\/randonnees-a-theme\\\/la-provence-au-gre-des-saisons\\\/le-printemps#breadcrumb\",\"itemListElement\":[{\"@type\":\"ListItem\",\"position\":1,\"name\":\"Home\",\"item\":\"https:\\\/\\\/www.enrouteprovence.fr\\\/hiking-walking-tours-provence-france\\\/fr\"},{\"@type\":\"ListItem\",\"position\":2,\"name\":\"Randonn\u00e9es \u00e0 th\u00e8me\",\"item\":\"https:\\\/\\\/www.enrouteprovence.fr\\\/hiking-walking-tours-provence-france\\\/fr\\\/randonnees-a-theme\"},{\"@type\":\"ListItem\",\"position\":3,\"name\":\"La Provence au gr\u00e9 des saisons\",\"item\":\"https:\\\/\\\/www.enrouteprovence.fr\\\/hiking-walking-tours-provence-france\\\/fr\\\/randonnees-a-theme\\\/la-provence-au-gre-des-saisons\"},{\"@type\":\"ListItem\",\"position\":4,\"name\":\"Le printemps\"}]},{\"@type\":\"WebSite\",\"@id\":\"https:\\\/\\\/www.enrouteprovence.fr\\\/hiking-walking-tours-provence-france\\\/#website\",\"url\":\"https:\\\/\\\/www.enrouteprovence.fr\\\/hiking-walking-tours-provence-france\\\/\",\"name\":\"En route Provence\",\"description\":\"Walking Provence with a local guide\",\"publisher\":{\"@id\":\"https:\\\/\\\/www.enrouteprovence.fr\\\/hiking-walking-tours-provence-france\\\/#\\\/schema\\\/person\\\/af05f7bb993f95aa77136a6845e974d1\"},\"potentialAction\":[{\"@type\":\"SearchAction\",\"target\":{\"@type\":\"EntryPoint\",\"urlTemplate\":\"https:\\\/\\\/www.enrouteprovence.fr\\\/hiking-walking-tours-provence-france\\\/?s={search_term_string}\"},\"query-input\":{\"@type\":\"PropertyValueSpecification\",\"valueRequired\":true,\"valueName\":\"search_term_string\"}}],\"inLanguage\":\"fr-FR\"},{\"@type\":[\"Person\",\"Organization\"],\"@id\":\"https:\\\/\\\/www.enrouteprovence.fr\\\/hiking-walking-tours-provence-france\\\/#\\\/schema\\\/person\\\/af05f7bb993f95aa77136a6845e974d1\",\"name\":\"jean-bernard-jb\",\"image\":{\"@type\":\"ImageObject\",\"inLanguage\":\"fr-FR\",\"@id\":\"https:\\\/\\\/secure.gravatar.com\\\/avatar\\\/25948e7e644d7187247bba1791838724eaccec85389611bf578fb1d316dab3d9?s=96&d=mm&r=g\",\"url\":\"https:\\\/\\\/secure.gravatar.com\\\/avatar\\\/25948e7e644d7187247bba1791838724eaccec85389611bf578fb1d316dab3d9?s=96&d=mm&r=g\",\"contentUrl\":\"https:\\\/\\\/secure.gravatar.com\\\/avatar\\\/25948e7e644d7187247bba1791838724eaccec85389611bf578fb1d316dab3d9?s=96&d=mm&r=g\",\"caption\":\"jean-bernard-jb\"},\"logo\":{\"@id\":\"https:\\\/\\\/secure.gravatar.com\\\/avatar\\\/25948e7e644d7187247bba1791838724eaccec85389611bf578fb1d316dab3d9?s=96&d=mm&r=g\"}}]}<\/script>\n<!-- \/ Yoast SEO plugin. -->","yoast_head_json":{"title":"Le printemps | En route Provence","description":"Come and discover Provence's outdoors on foot, escorted by a local walking guide, and get the most of its multiple faces : the pretty Provence towns and villages, from Gordes, Roussillon, St-Tropez, Vence or Bormes les Mimosas to St Remy or Les Baux de Provence, lush vineyards, colorful countryside and bright rugged landscapes like those of the Calanques National Park. Whatever your plan: the best of day trips from Nice or Marseille, a daily walk over one week in the Luberon or just the ascent of Mont Ventoux or Sainte-Victoire, we can provide you our experience and knowledge.","robots":{"index":"index","follow":"follow","max-snippet":"max-snippet:-1","max-image-preview":"max-image-preview:large","max-video-preview":"max-video-preview:-1"},"canonical":"https:\/\/www.enrouteprovence.fr\/hiking-walking-tours-provence-france\/fr\/randonnees-a-theme\/la-provence-au-gre-des-saisons\/le-printemps","og_locale":"fr_FR","og_type":"article","og_title":"Le printemps | En route Provence","og_description":"Come and discover Provence's outdoors on foot, escorted by a local walking guide, and get the most of its multiple faces : the pretty Provence towns and villages, from Gordes, Roussillon, St-Tropez, Vence or Bormes les Mimosas to St Remy or Les Baux de Provence, lush vineyards, colorful countryside and bright rugged landscapes like those of the Calanques National Park. Whatever your plan: the best of day trips from Nice or Marseille, a daily walk over one week in the Luberon or just the ascent of Mont Ventoux or Sainte-Victoire, we can provide you our experience and knowledge.","og_url":"https:\/\/www.enrouteprovence.fr\/hiking-walking-tours-provence-france\/fr\/randonnees-a-theme\/la-provence-au-gre-des-saisons\/le-printemps","og_site_name":"En route Provence","article_modified_time":"2023-04-26T08:35:52+00:00","og_image":[{"url":"https:\/\/www.enrouteprovence.fr\/wp-content\/uploads\/2016\/01\/marcheur-pied-Ste-Victoire-1.jpg","type":"","width":"","height":""}],"twitter_card":"summary_large_image","twitter_misc":{"Dur\u00e9e de lecture estim\u00e9e":"3 minutes"},"schema":{"@context":"https:\/\/schema.org","@graph":[{"@type":"WebPage","@id":"https:\/\/www.enrouteprovence.fr\/hiking-walking-tours-provence-france\/fr\/randonnees-a-theme\/la-provence-au-gre-des-saisons\/le-printemps","url":"https:\/\/www.enrouteprovence.fr\/hiking-walking-tours-provence-france\/fr\/randonnees-a-theme\/la-provence-au-gre-des-saisons\/le-printemps","name":"Le printemps | En route Provence","isPartOf":{"@id":"https:\/\/www.enrouteprovence.fr\/hiking-walking-tours-provence-france\/#website"},"primaryImageOfPage":{"@id":"https:\/\/www.enrouteprovence.fr\/hiking-walking-tours-provence-france\/fr\/randonnees-a-theme\/la-provence-au-gre-des-saisons\/le-printemps#primaryimage"},"image":{"@id":"https:\/\/www.enrouteprovence.fr\/hiking-walking-tours-provence-france\/fr\/randonnees-a-theme\/la-provence-au-gre-des-saisons\/le-printemps#primaryimage"},"thumbnailUrl":"https:\/\/www.enrouteprovence.fr\/wp-content\/uploads\/2016\/01\/marcheur-pied-Ste-Victoire-1.jpg","datePublished":"2016-01-28T10:31:57+00:00","dateModified":"2023-04-26T08:35:52+00:00","description":"Come and discover Provence's outdoors on foot, escorted by a local walking guide, and get the most of its multiple faces : the pretty Provence towns and villages, from Gordes, Roussillon, St-Tropez, Vence or Bormes les Mimosas to St Remy or Les Baux de Provence, lush vineyards, colorful countryside and bright rugged landscapes like those of the Calanques National Park. Whatever your plan: the best of day trips from Nice or Marseille, a daily walk over one week in the Luberon or just the ascent of Mont Ventoux or Sainte-Victoire, we can provide you our experience and knowledge.","breadcrumb":{"@id":"https:\/\/www.enrouteprovence.fr\/hiking-walking-tours-provence-france\/fr\/randonnees-a-theme\/la-provence-au-gre-des-saisons\/le-printemps#breadcrumb"},"inLanguage":"fr-FR","potentialAction":[{"@type":"ReadAction","target":["https:\/\/www.enrouteprovence.fr\/hiking-walking-tours-provence-france\/fr\/randonnees-a-theme\/la-provence-au-gre-des-saisons\/le-printemps"]}]},{"@type":"ImageObject","inLanguage":"fr-FR","@id":"https:\/\/www.enrouteprovence.fr\/hiking-walking-tours-provence-france\/fr\/randonnees-a-theme\/la-provence-au-gre-des-saisons\/le-printemps#primaryimage","url":"https:\/\/www.enrouteprovence.fr\/wp-content\/uploads\/2016\/01\/marcheur-pied-Ste-Victoire-1.jpg","contentUrl":"https:\/\/www.enrouteprovence.fr\/wp-content\/uploads\/2016\/01\/marcheur-pied-Ste-Victoire-1.jpg"},{"@type":"BreadcrumbList","@id":"https:\/\/www.enrouteprovence.fr\/hiking-walking-tours-provence-france\/fr\/randonnees-a-theme\/la-provence-au-gre-des-saisons\/le-printemps#breadcrumb","itemListElement":[{"@type":"ListItem","position":1,"name":"Home","item":"https:\/\/www.enrouteprovence.fr\/hiking-walking-tours-provence-france\/fr"},{"@type":"ListItem","position":2,"name":"Randonn\u00e9es \u00e0 th\u00e8me","item":"https:\/\/www.enrouteprovence.fr\/hiking-walking-tours-provence-france\/fr\/randonnees-a-theme"},{"@type":"ListItem","position":3,"name":"La Provence au gr\u00e9 des saisons","item":"https:\/\/www.enrouteprovence.fr\/hiking-walking-tours-provence-france\/fr\/randonnees-a-theme\/la-provence-au-gre-des-saisons"},{"@type":"ListItem","position":4,"name":"Le printemps"}]},{"@type":"WebSite","@id":"https:\/\/www.enrouteprovence.fr\/hiking-walking-tours-provence-france\/#website","url":"https:\/\/www.enrouteprovence.fr\/hiking-walking-tours-provence-france\/","name":"En route Provence","description":"Walking Provence with a local guide","publisher":{"@id":"https:\/\/www.enrouteprovence.fr\/hiking-walking-tours-provence-france\/#\/schema\/person\/af05f7bb993f95aa77136a6845e974d1"},"potentialAction":[{"@type":"SearchAction","target":{"@type":"EntryPoint","urlTemplate":"https:\/\/www.enrouteprovence.fr\/hiking-walking-tours-provence-france\/?s={search_term_string}"},"query-input":{"@type":"PropertyValueSpecification","valueRequired":true,"valueName":"search_term_string"}}],"inLanguage":"fr-FR"},{"@type":["Person","Organization"],"@id":"https:\/\/www.enrouteprovence.fr\/hiking-walking-tours-provence-france\/#\/schema\/person\/af05f7bb993f95aa77136a6845e974d1","name":"jean-bernard-jb","image":{"@type":"ImageObject","inLanguage":"fr-FR","@id":"https:\/\/secure.gravatar.com\/avatar\/25948e7e644d7187247bba1791838724eaccec85389611bf578fb1d316dab3d9?s=96&d=mm&r=g","url":"https:\/\/secure.gravatar.com\/avatar\/25948e7e644d7187247bba1791838724eaccec85389611bf578fb1d316dab3d9?s=96&d=mm&r=g","contentUrl":"https:\/\/secure.gravatar.com\/avatar\/25948e7e644d7187247bba1791838724eaccec85389611bf578fb1d316dab3d9?s=96&d=mm&r=g","caption":"jean-bernard-jb"},"logo":{"@id":"https:\/\/secure.gravatar.com\/avatar\/25948e7e644d7187247bba1791838724eaccec85389611bf578fb1d316dab3d9?s=96&d=mm&r=g"}}]}},"_links":{"self":[{"href":"https:\/\/www.enrouteprovence.fr\/hiking-walking-tours-provence-france\/fr\/wp-json\/wp\/v2\/pages\/146","targetHints":{"allow":["GET"]}}],"collection":[{"href":"https:\/\/www.enrouteprovence.fr\/hiking-walking-tours-provence-france\/fr\/wp-json\/wp\/v2\/pages"}],"about":[{"href":"https:\/\/www.enrouteprovence.fr\/hiking-walking-tours-provence-france\/fr\/wp-json\/wp\/v2\/types\/page"}],"author":[{"embeddable":true,"href":"https:\/\/www.enrouteprovence.fr\/hiking-walking-tours-provence-france\/fr\/wp-json\/wp\/v2\/users\/1"}],"replies":[{"embeddable":true,"href":"https:\/\/www.enrouteprovence.fr\/hiking-walking-tours-provence-france\/fr\/wp-json\/wp\/v2\/comments?post=146"}],"version-history":[{"count":15,"href":"https:\/\/www.enrouteprovence.fr\/hiking-walking-tours-provence-france\/fr\/wp-json\/wp\/v2\/pages\/146\/revisions"}],"predecessor-version":[{"id":15079,"href":"https:\/\/www.enrouteprovence.fr\/hiking-walking-tours-provence-france\/fr\/wp-json\/wp\/v2\/pages\/146\/revisions\/15079"}],"up":[{"embeddable":true,"href":"https:\/\/www.enrouteprovence.fr\/hiking-walking-tours-provence-france\/fr\/wp-json\/wp\/v2\/pages\/84"}],"wp:attachment":[{"href":"https:\/\/www.enrouteprovence.fr\/hiking-walking-tours-provence-france\/fr\/wp-json\/wp\/v2\/media?parent=146"}],"curies":[{"name":"wp","href":"https:\/\/api.w.org\/{rel}","templated":true}]}}