{"id":148,"date":"2016-01-28T11:33:25","date_gmt":"2016-01-28T10:33:25","guid":{"rendered":"http:\/\/www.enrouteprovence.fr\/?page_id=148"},"modified":"2023-04-26T13:28:12","modified_gmt":"2023-04-26T12:28:12","slug":"lautomne","status":"publish","type":"page","link":"https:\/\/www.enrouteprovence.fr\/hiking-walking-tours-provence-france\/fr\/randonnees-a-theme\/la-provence-au-gre-des-saisons\/lautomne","title":{"rendered":"L&rsquo;automne"},"content":{"rendered":"<section id=\"builder-section-1453977138683\" class=\"builder-section-first builder-section builder-section-banner builder-section-next-text\" style=\"background-repeat: repeat;background-position: center center;\">\n<div class=\"builder-section-content\">\n<div class=\"builder-banner-slide content-position-none\" style=\"background-color:#1e73be;\">\n<div class=\"builder-banner-content\">\n<div class=\"builder-banner-inner-content\">\n<h3 style=\"text-align: center;\"><strong><span style=\"color: #ffffff;\"><big>Les superbes couleurs de l&rsquo;automne<\/big><\/span><\/strong><\/h3>\n<\/p><\/div>\n<\/p><\/div>\n<\/p><\/div>\n<\/p><\/div>\n<\/section>\n<section id=\"builder-section-1453977173995\" class=\"builder-section-prev-banner builder-section builder-section-text builder-section-next-text builder-section-full-width builder-text-columns-2\" style=\"background-repeat: repeat;background-position: center center;\">\n<div class=\"builder-section-content\">\n<div class=\"builder-text-row\">\n<div class=\"builder-text-column builder-text-column-1\" id=\"builder-section-1453977173995-column-1\">\n<div class=\"builder-text-content\">\n<p><img data-recalc-dims=\"1\" loading=\"lazy\" decoding=\"async\" src=\"https:\/\/i0.wp.com\/www.enrouteprovence.fr\/wp-content\/uploads\/2016\/01\/3-marcheurs-au-fond-du-canyon_recadre2.jpg?resize=703%2C764&#038;ssl=1\" width=\"703\" height=\"764\" class=\"alignnone size-full wp-image-1067\" srcset=\"https:\/\/i0.wp.com\/www.enrouteprovence.fr\/wp-content\/uploads\/2016\/01\/3-marcheurs-au-fond-du-canyon_recadre2.jpg?w=703&amp;ssl=1 703w, https:\/\/i0.wp.com\/www.enrouteprovence.fr\/wp-content\/uploads\/2016\/01\/3-marcheurs-au-fond-du-canyon_recadre2.jpg?resize=276%2C300&amp;ssl=1 276w\" sizes=\"auto, (max-width: 703px) 100vw, 703px\" \/><\/p>\n<\/p><\/div>\n<\/p><\/div>\n<div class=\"builder-text-column builder-text-column-2\" id=\"builder-section-1453977173995-column-2\">\n<div class=\"builder-text-content\">\n<h3>\u00a0<\/h3>\n<h3 style=\"text-align: center;\"><strong>Les gorges d&rsquo;Oppedette\u00a0<\/strong><\/h3>\n<p>\u00a0<\/p>\n<p style=\"text-align: justify;\">Situ\u00e9es non loin d&rsquo;<em>Apt<\/em>, la petite capitale du Nord Luberon, le village d&rsquo;<em>Oppedette<\/em>, ancien oppidum celto-ligure, surplombe des gorges spectaculaires creus\u00e9es par le\u00a0<em>Calavon<\/em>, des petites gorges qui sont parmi les plus belles de la r\u00e9gion PACA. Cette courte randonn\u00e9e vous m\u00e8ne d&rsquo;abord vers plusieurs points de vue au-dessus du mini canyon, avant une descente au fond de celui-ci, permettant une d\u00e9couverte approfondie.\u00a0<br \/>Un autre parcours, environ deux fois plus long, suit le bord des falaises, sur la rive droite jusqu&rsquo;\u00e0 l&rsquo;extr\u00e9mit\u00e9 sud du canyon, o\u00f9 un petit pont enjambe le vallon.<\/p>\n<p>\u00a0<\/p>\n<p><strong>Dur\u00e9e de marche\u00a0<\/strong>: 1h30 (3h pour le parcours long)\u00a0<strong><br \/>Niveau\u00a0<\/strong>: soutenu (mont\u00e9e et descente abruptes)<strong><br \/><\/strong>\u00a0<\/p>\n<p style=\"text-align: justify;\"><strong>Si vous \u00eates sujet au vertige, il vous est conseill\u00e9 de choisir une autre randonn\u00e9e.<\/strong><br \/>Non recommand\u00e9 aux enfants de moins de 10 ans.<\/p>\n<p>\u00a0<\/p>\n<p>\u00a0<\/p>\n<\/p><\/div>\n<\/p><\/div>\n<\/p><\/div>\n<\/p><\/div>\n<\/section>\n<section id=\"builder-section-1519887245849\" class=\"builder-section-prev-text builder-section builder-section-text builder-section-last builder-section-full-width builder-text-columns-2\" style=\"background-repeat: repeat;background-position: center center;\">\n<div class=\"builder-section-content\">\n<div class=\"builder-text-row\">\n<div class=\"builder-text-column builder-text-column-1\" id=\"builder-section-1519887245849-column-1\">\n<div class=\"builder-text-content\">\n<h3 style=\"text-align: center;\"><strong>La for\u00eat de Saint Pons et ses couleurs vari\u00e9es<\/strong>\u00a0<\/h3>\n<p style=\"text-align: justify;\">L&rsquo;automne est certainement la meilleure saison pour pleinement profiter de la petite vall\u00e9e bois\u00e9e du\u00a0<em>Parc de Saint Pons<\/em>\u00a0; une grande vari\u00e9t\u00e9 de h\u00eatres, charmes, fr\u00eanes et \u00e9rables y poussent, des arbres peu communs en Provence, \u00e0 cette altitude et sous une latitude si m\u00e9ridionale. Les couleurs vari\u00e9es de leurs nombreuses feuilles en cette saison ajouteront une touche particuli\u00e8re \u00e0 la beaut\u00e9 des lieux. Parmi les autres temps forts, vous verrez un vieux moulin aliment\u00e9 par le ruisseau le <em>Fauge<\/em>, les ruines d&rsquo;une abbaye cistercienne du 13\u00a0<sup>\u00e8me<\/sup>\u00a0s., et, plus en amont, le\u00a0<em>Gour de l\u2019Oule<\/em>, une magnifique cascade.\u00a0<\/p>\n<p style=\"text-align: justify;\"><strong>Dur\u00e9e de marche\u00a0<\/strong>: 2 heures\u00a0<strong><br \/>Niveau\u00a0<\/strong>: mod\u00e9r\u00e9 (terrain parfois pierreux)<\/p>\n<\/p><\/div>\n<\/p><\/div>\n<div class=\"builder-text-column builder-text-column-2\" id=\"builder-section-1519887245849-column-2\">\n<div class=\"builder-text-content\">\n<p><img data-recalc-dims=\"1\" loading=\"lazy\" decoding=\"async\" class=\"alignnone size-large wp-image-15082\" src=\"https:\/\/i0.wp.com\/www.enrouteprovence.fr\/wp-content\/uploads\/2023\/04\/foret_automne_pxb-1.jpg?resize=960%2C639&#038;ssl=1\" alt=\"\" width=\"960\" height=\"639\" srcset=\"https:\/\/i0.wp.com\/www.enrouteprovence.fr\/wp-content\/uploads\/2023\/04\/foret_automne_pxb-1.jpg?resize=1024%2C682&amp;ssl=1 1024w, https:\/\/i0.wp.com\/www.enrouteprovence.fr\/wp-content\/uploads\/2023\/04\/foret_automne_pxb-1.jpg?resize=300%2C200&amp;ssl=1 300w, https:\/\/i0.wp.com\/www.enrouteprovence.fr\/wp-content\/uploads\/2023\/04\/foret_automne_pxb-1.jpg?resize=768%2C512&amp;ssl=1 768w, https:\/\/i0.wp.com\/www.enrouteprovence.fr\/wp-content\/uploads\/2023\/04\/foret_automne_pxb-1.jpg?resize=24%2C16&amp;ssl=1 24w, https:\/\/i0.wp.com\/www.enrouteprovence.fr\/wp-content\/uploads\/2023\/04\/foret_automne_pxb-1.jpg?resize=36%2C24&amp;ssl=1 36w, https:\/\/i0.wp.com\/www.enrouteprovence.fr\/wp-content\/uploads\/2023\/04\/foret_automne_pxb-1.jpg?resize=48%2C32&amp;ssl=1 48w, https:\/\/i0.wp.com\/www.enrouteprovence.fr\/wp-content\/uploads\/2023\/04\/foret_automne_pxb-1.jpg?w=1280&amp;ssl=1 1280w\" sizes=\"auto, (max-width: 960px) 100vw, 960px\" \/><\/p>\n<\/p><\/div>\n<\/p><\/div>\n<\/p><\/div>\n<\/p><\/div>\n<\/section>\n","protected":false},"excerpt":{"rendered":"<p>Les superbes couleurs de l&rsquo;automne \u00a0 Les gorges d&rsquo;Oppedette\u00a0 \u00a0 Situ\u00e9es non loin d&rsquo;Apt, la petite capitale du Nord Luberon, le village d&rsquo;Oppedette, ancien oppidum celto-ligure, surplombe des gorges spectaculaires creus\u00e9es par le\u00a0Calavon, des petites gorges qui sont parmi les plus belles de la r\u00e9gion PACA. Cette courte randonn\u00e9e vous m\u00e8ne d&rsquo;abord vers plusieurs points &hellip;<\/p>\n","protected":false},"author":1,"featured_media":0,"parent":84,"menu_order":0,"comment_status":"closed","ping_status":"closed","template":"template-builder.php","meta":{"footnotes":""},"class_list":["post-148","page","type-page","status-publish","hentry"],"yoast_head":"<!-- This site is optimized with the Yoast SEO plugin v27.3 - https:\/\/yoast.com\/product\/yoast-seo-wordpress\/ -->\n<title>L&#039;automne | En route Provence<\/title>\n<meta name=\"description\" content=\"Come and discover Provence&#039;s outdoors on foot, escorted by a local walking guide, and get the most of its multiple faces : the pretty Provence towns and villages, from Gordes, Roussillon, St-Tropez, Vence or Bormes les Mimosas to St Remy or Les Baux de Provence, lush vineyards, colorful countryside and bright rugged landscapes like those of the Calanques National Park. Whatever your plan: the best of day trips from Nice or Marseille, a daily walk over one week in the Luberon or just the ascent of Mont Ventoux or Sainte-Victoire, we can provide you our experience and knowledge.\" \/>\n<meta name=\"robots\" content=\"index, follow, max-snippet:-1, max-image-preview:large, max-video-preview:-1\" \/>\n<link rel=\"canonical\" href=\"https:\/\/www.enrouteprovence.fr\/hiking-walking-tours-provence-france\/fr\/randonnees-a-theme\/la-provence-au-gre-des-saisons\/lautomne\" \/>\n<meta property=\"og:locale\" content=\"fr_FR\" \/>\n<meta property=\"og:type\" content=\"article\" \/>\n<meta property=\"og:title\" content=\"L&#039;automne | En route Provence\" \/>\n<meta property=\"og:description\" content=\"Come and discover Provence&#039;s outdoors on foot, escorted by a local walking guide, and get the most of its multiple faces : the pretty Provence towns and villages, from Gordes, Roussillon, St-Tropez, Vence or Bormes les Mimosas to St Remy or Les Baux de Provence, lush vineyards, colorful countryside and bright rugged landscapes like those of the Calanques National Park. Whatever your plan: the best of day trips from Nice or Marseille, a daily walk over one week in the Luberon or just the ascent of Mont Ventoux or Sainte-Victoire, we can provide you our experience and knowledge.\" \/>\n<meta property=\"og:url\" content=\"https:\/\/www.enrouteprovence.fr\/hiking-walking-tours-provence-france\/fr\/randonnees-a-theme\/la-provence-au-gre-des-saisons\/lautomne\" \/>\n<meta property=\"og:site_name\" content=\"En route Provence\" \/>\n<meta property=\"article:modified_time\" content=\"2023-04-26T12:28:12+00:00\" \/>\n<meta property=\"og:image\" content=\"https:\/\/www.enrouteprovence.fr\/wp-content\/uploads\/2016\/01\/3-marcheurs-au-fond-du-canyon_recadre2.jpg\" \/>\n<meta name=\"twitter:card\" content=\"summary_large_image\" \/>\n<meta name=\"twitter:label1\" content=\"Dur\u00e9e de lecture estim\u00e9e\" \/>\n\t<meta name=\"twitter:data1\" content=\"2 minutes\" \/>\n<script type=\"application\/ld+json\" class=\"yoast-schema-graph\">{\"@context\":\"https:\\\/\\\/schema.org\",\"@graph\":[{\"@type\":\"WebPage\",\"@id\":\"https:\\\/\\\/www.enrouteprovence.fr\\\/hiking-walking-tours-provence-france\\\/fr\\\/randonnees-a-theme\\\/la-provence-au-gre-des-saisons\\\/lautomne\",\"url\":\"https:\\\/\\\/www.enrouteprovence.fr\\\/hiking-walking-tours-provence-france\\\/fr\\\/randonnees-a-theme\\\/la-provence-au-gre-des-saisons\\\/lautomne\",\"name\":\"L'automne | En route Provence\",\"isPartOf\":{\"@id\":\"https:\\\/\\\/www.enrouteprovence.fr\\\/hiking-walking-tours-provence-france\\\/#website\"},\"primaryImageOfPage\":{\"@id\":\"https:\\\/\\\/www.enrouteprovence.fr\\\/hiking-walking-tours-provence-france\\\/fr\\\/randonnees-a-theme\\\/la-provence-au-gre-des-saisons\\\/lautomne#primaryimage\"},\"image\":{\"@id\":\"https:\\\/\\\/www.enrouteprovence.fr\\\/hiking-walking-tours-provence-france\\\/fr\\\/randonnees-a-theme\\\/la-provence-au-gre-des-saisons\\\/lautomne#primaryimage\"},\"thumbnailUrl\":\"https:\\\/\\\/www.enrouteprovence.fr\\\/wp-content\\\/uploads\\\/2016\\\/01\\\/3-marcheurs-au-fond-du-canyon_recadre2.jpg\",\"datePublished\":\"2016-01-28T10:33:25+00:00\",\"dateModified\":\"2023-04-26T12:28:12+00:00\",\"description\":\"Come and discover Provence's outdoors on foot, escorted by a local walking guide, and get the most of its multiple faces : the pretty Provence towns and villages, from Gordes, Roussillon, St-Tropez, Vence or Bormes les Mimosas to St Remy or Les Baux de Provence, lush vineyards, colorful countryside and bright rugged landscapes like those of the Calanques National Park. Whatever your plan: the best of day trips from Nice or Marseille, a daily walk over one week in the Luberon or just the ascent of Mont Ventoux or Sainte-Victoire, we can provide you our experience and knowledge.\",\"breadcrumb\":{\"@id\":\"https:\\\/\\\/www.enrouteprovence.fr\\\/hiking-walking-tours-provence-france\\\/fr\\\/randonnees-a-theme\\\/la-provence-au-gre-des-saisons\\\/lautomne#breadcrumb\"},\"inLanguage\":\"fr-FR\",\"potentialAction\":[{\"@type\":\"ReadAction\",\"target\":[\"https:\\\/\\\/www.enrouteprovence.fr\\\/hiking-walking-tours-provence-france\\\/fr\\\/randonnees-a-theme\\\/la-provence-au-gre-des-saisons\\\/lautomne\"]}]},{\"@type\":\"ImageObject\",\"inLanguage\":\"fr-FR\",\"@id\":\"https:\\\/\\\/www.enrouteprovence.fr\\\/hiking-walking-tours-provence-france\\\/fr\\\/randonnees-a-theme\\\/la-provence-au-gre-des-saisons\\\/lautomne#primaryimage\",\"url\":\"https:\\\/\\\/www.enrouteprovence.fr\\\/wp-content\\\/uploads\\\/2016\\\/01\\\/3-marcheurs-au-fond-du-canyon_recadre2.jpg\",\"contentUrl\":\"https:\\\/\\\/www.enrouteprovence.fr\\\/wp-content\\\/uploads\\\/2016\\\/01\\\/3-marcheurs-au-fond-du-canyon_recadre2.jpg\"},{\"@type\":\"BreadcrumbList\",\"@id\":\"https:\\\/\\\/www.enrouteprovence.fr\\\/hiking-walking-tours-provence-france\\\/fr\\\/randonnees-a-theme\\\/la-provence-au-gre-des-saisons\\\/lautomne#breadcrumb\",\"itemListElement\":[{\"@type\":\"ListItem\",\"position\":1,\"name\":\"Home\",\"item\":\"https:\\\/\\\/www.enrouteprovence.fr\\\/hiking-walking-tours-provence-france\\\/fr\"},{\"@type\":\"ListItem\",\"position\":2,\"name\":\"Randonn\u00e9es \u00e0 th\u00e8me\",\"item\":\"https:\\\/\\\/www.enrouteprovence.fr\\\/hiking-walking-tours-provence-france\\\/fr\\\/randonnees-a-theme\"},{\"@type\":\"ListItem\",\"position\":3,\"name\":\"La Provence au gr\u00e9 des saisons\",\"item\":\"https:\\\/\\\/www.enrouteprovence.fr\\\/hiking-walking-tours-provence-france\\\/fr\\\/randonnees-a-theme\\\/la-provence-au-gre-des-saisons\"},{\"@type\":\"ListItem\",\"position\":4,\"name\":\"L&rsquo;automne\"}]},{\"@type\":\"WebSite\",\"@id\":\"https:\\\/\\\/www.enrouteprovence.fr\\\/hiking-walking-tours-provence-france\\\/#website\",\"url\":\"https:\\\/\\\/www.enrouteprovence.fr\\\/hiking-walking-tours-provence-france\\\/\",\"name\":\"En route Provence\",\"description\":\"Walking Provence with a local guide\",\"publisher\":{\"@id\":\"https:\\\/\\\/www.enrouteprovence.fr\\\/hiking-walking-tours-provence-france\\\/#\\\/schema\\\/person\\\/53edc6896f78ea1ba78f67b51559737b\"},\"potentialAction\":[{\"@type\":\"SearchAction\",\"target\":{\"@type\":\"EntryPoint\",\"urlTemplate\":\"https:\\\/\\\/www.enrouteprovence.fr\\\/hiking-walking-tours-provence-france\\\/?s={search_term_string}\"},\"query-input\":{\"@type\":\"PropertyValueSpecification\",\"valueRequired\":true,\"valueName\":\"search_term_string\"}}],\"inLanguage\":\"fr-FR\"},{\"@type\":[\"Person\",\"Organization\"],\"@id\":\"https:\\\/\\\/www.enrouteprovence.fr\\\/hiking-walking-tours-provence-france\\\/#\\\/schema\\\/person\\\/53edc6896f78ea1ba78f67b51559737b\",\"name\":\"Jean-Bernard\",\"image\":{\"@type\":\"ImageObject\",\"inLanguage\":\"fr-FR\",\"@id\":\"https:\\\/\\\/secure.gravatar.com\\\/avatar\\\/25948e7e644d7187247bba1791838724eaccec85389611bf578fb1d316dab3d9?s=96&d=mm&r=g\",\"url\":\"https:\\\/\\\/secure.gravatar.com\\\/avatar\\\/25948e7e644d7187247bba1791838724eaccec85389611bf578fb1d316dab3d9?s=96&d=mm&r=g\",\"contentUrl\":\"https:\\\/\\\/secure.gravatar.com\\\/avatar\\\/25948e7e644d7187247bba1791838724eaccec85389611bf578fb1d316dab3d9?s=96&d=mm&r=g\",\"caption\":\"Jean-Bernard\"},\"logo\":{\"@id\":\"https:\\\/\\\/secure.gravatar.com\\\/avatar\\\/25948e7e644d7187247bba1791838724eaccec85389611bf578fb1d316dab3d9?s=96&d=mm&r=g\"}}]}<\/script>\n<!-- \/ Yoast SEO plugin. -->","yoast_head_json":{"title":"L'automne | En route Provence","description":"Come and discover Provence's outdoors on foot, escorted by a local walking guide, and get the most of its multiple faces : the pretty Provence towns and villages, from Gordes, Roussillon, St-Tropez, Vence or Bormes les Mimosas to St Remy or Les Baux de Provence, lush vineyards, colorful countryside and bright rugged landscapes like those of the Calanques National Park. Whatever your plan: the best of day trips from Nice or Marseille, a daily walk over one week in the Luberon or just the ascent of Mont Ventoux or Sainte-Victoire, we can provide you our experience and knowledge.","robots":{"index":"index","follow":"follow","max-snippet":"max-snippet:-1","max-image-preview":"max-image-preview:large","max-video-preview":"max-video-preview:-1"},"canonical":"https:\/\/www.enrouteprovence.fr\/hiking-walking-tours-provence-france\/fr\/randonnees-a-theme\/la-provence-au-gre-des-saisons\/lautomne","og_locale":"fr_FR","og_type":"article","og_title":"L'automne | En route Provence","og_description":"Come and discover Provence's outdoors on foot, escorted by a local walking guide, and get the most of its multiple faces : the pretty Provence towns and villages, from Gordes, Roussillon, St-Tropez, Vence or Bormes les Mimosas to St Remy or Les Baux de Provence, lush vineyards, colorful countryside and bright rugged landscapes like those of the Calanques National Park. Whatever your plan: the best of day trips from Nice or Marseille, a daily walk over one week in the Luberon or just the ascent of Mont Ventoux or Sainte-Victoire, we can provide you our experience and knowledge.","og_url":"https:\/\/www.enrouteprovence.fr\/hiking-walking-tours-provence-france\/fr\/randonnees-a-theme\/la-provence-au-gre-des-saisons\/lautomne","og_site_name":"En route Provence","article_modified_time":"2023-04-26T12:28:12+00:00","og_image":[{"url":"https:\/\/www.enrouteprovence.fr\/wp-content\/uploads\/2016\/01\/3-marcheurs-au-fond-du-canyon_recadre2.jpg","type":"","width":"","height":""}],"twitter_card":"summary_large_image","twitter_misc":{"Dur\u00e9e de lecture estim\u00e9e":"2 minutes"},"schema":{"@context":"https:\/\/schema.org","@graph":[{"@type":"WebPage","@id":"https:\/\/www.enrouteprovence.fr\/hiking-walking-tours-provence-france\/fr\/randonnees-a-theme\/la-provence-au-gre-des-saisons\/lautomne","url":"https:\/\/www.enrouteprovence.fr\/hiking-walking-tours-provence-france\/fr\/randonnees-a-theme\/la-provence-au-gre-des-saisons\/lautomne","name":"L'automne | En route Provence","isPartOf":{"@id":"https:\/\/www.enrouteprovence.fr\/hiking-walking-tours-provence-france\/#website"},"primaryImageOfPage":{"@id":"https:\/\/www.enrouteprovence.fr\/hiking-walking-tours-provence-france\/fr\/randonnees-a-theme\/la-provence-au-gre-des-saisons\/lautomne#primaryimage"},"image":{"@id":"https:\/\/www.enrouteprovence.fr\/hiking-walking-tours-provence-france\/fr\/randonnees-a-theme\/la-provence-au-gre-des-saisons\/lautomne#primaryimage"},"thumbnailUrl":"https:\/\/www.enrouteprovence.fr\/wp-content\/uploads\/2016\/01\/3-marcheurs-au-fond-du-canyon_recadre2.jpg","datePublished":"2016-01-28T10:33:25+00:00","dateModified":"2023-04-26T12:28:12+00:00","description":"Come and discover Provence's outdoors on foot, escorted by a local walking guide, and get the most of its multiple faces : the pretty Provence towns and villages, from Gordes, Roussillon, St-Tropez, Vence or Bormes les Mimosas to St Remy or Les Baux de Provence, lush vineyards, colorful countryside and bright rugged landscapes like those of the Calanques National Park. Whatever your plan: the best of day trips from Nice or Marseille, a daily walk over one week in the Luberon or just the ascent of Mont Ventoux or Sainte-Victoire, we can provide you our experience and knowledge.","breadcrumb":{"@id":"https:\/\/www.enrouteprovence.fr\/hiking-walking-tours-provence-france\/fr\/randonnees-a-theme\/la-provence-au-gre-des-saisons\/lautomne#breadcrumb"},"inLanguage":"fr-FR","potentialAction":[{"@type":"ReadAction","target":["https:\/\/www.enrouteprovence.fr\/hiking-walking-tours-provence-france\/fr\/randonnees-a-theme\/la-provence-au-gre-des-saisons\/lautomne"]}]},{"@type":"ImageObject","inLanguage":"fr-FR","@id":"https:\/\/www.enrouteprovence.fr\/hiking-walking-tours-provence-france\/fr\/randonnees-a-theme\/la-provence-au-gre-des-saisons\/lautomne#primaryimage","url":"https:\/\/www.enrouteprovence.fr\/wp-content\/uploads\/2016\/01\/3-marcheurs-au-fond-du-canyon_recadre2.jpg","contentUrl":"https:\/\/www.enrouteprovence.fr\/wp-content\/uploads\/2016\/01\/3-marcheurs-au-fond-du-canyon_recadre2.jpg"},{"@type":"BreadcrumbList","@id":"https:\/\/www.enrouteprovence.fr\/hiking-walking-tours-provence-france\/fr\/randonnees-a-theme\/la-provence-au-gre-des-saisons\/lautomne#breadcrumb","itemListElement":[{"@type":"ListItem","position":1,"name":"Home","item":"https:\/\/www.enrouteprovence.fr\/hiking-walking-tours-provence-france\/fr"},{"@type":"ListItem","position":2,"name":"Randonn\u00e9es \u00e0 th\u00e8me","item":"https:\/\/www.enrouteprovence.fr\/hiking-walking-tours-provence-france\/fr\/randonnees-a-theme"},{"@type":"ListItem","position":3,"name":"La Provence au gr\u00e9 des saisons","item":"https:\/\/www.enrouteprovence.fr\/hiking-walking-tours-provence-france\/fr\/randonnees-a-theme\/la-provence-au-gre-des-saisons"},{"@type":"ListItem","position":4,"name":"L&rsquo;automne"}]},{"@type":"WebSite","@id":"https:\/\/www.enrouteprovence.fr\/hiking-walking-tours-provence-france\/#website","url":"https:\/\/www.enrouteprovence.fr\/hiking-walking-tours-provence-france\/","name":"En route Provence","description":"Walking Provence with a local guide","publisher":{"@id":"https:\/\/www.enrouteprovence.fr\/hiking-walking-tours-provence-france\/#\/schema\/person\/53edc6896f78ea1ba78f67b51559737b"},"potentialAction":[{"@type":"SearchAction","target":{"@type":"EntryPoint","urlTemplate":"https:\/\/www.enrouteprovence.fr\/hiking-walking-tours-provence-france\/?s={search_term_string}"},"query-input":{"@type":"PropertyValueSpecification","valueRequired":true,"valueName":"search_term_string"}}],"inLanguage":"fr-FR"},{"@type":["Person","Organization"],"@id":"https:\/\/www.enrouteprovence.fr\/hiking-walking-tours-provence-france\/#\/schema\/person\/53edc6896f78ea1ba78f67b51559737b","name":"Jean-Bernard","image":{"@type":"ImageObject","inLanguage":"fr-FR","@id":"https:\/\/secure.gravatar.com\/avatar\/25948e7e644d7187247bba1791838724eaccec85389611bf578fb1d316dab3d9?s=96&d=mm&r=g","url":"https:\/\/secure.gravatar.com\/avatar\/25948e7e644d7187247bba1791838724eaccec85389611bf578fb1d316dab3d9?s=96&d=mm&r=g","contentUrl":"https:\/\/secure.gravatar.com\/avatar\/25948e7e644d7187247bba1791838724eaccec85389611bf578fb1d316dab3d9?s=96&d=mm&r=g","caption":"Jean-Bernard"},"logo":{"@id":"https:\/\/secure.gravatar.com\/avatar\/25948e7e644d7187247bba1791838724eaccec85389611bf578fb1d316dab3d9?s=96&d=mm&r=g"}}]}},"_links":{"self":[{"href":"https:\/\/www.enrouteprovence.fr\/hiking-walking-tours-provence-france\/fr\/wp-json\/wp\/v2\/pages\/148","targetHints":{"allow":["GET"]}}],"collection":[{"href":"https:\/\/www.enrouteprovence.fr\/hiking-walking-tours-provence-france\/fr\/wp-json\/wp\/v2\/pages"}],"about":[{"href":"https:\/\/www.enrouteprovence.fr\/hiking-walking-tours-provence-france\/fr\/wp-json\/wp\/v2\/types\/page"}],"author":[{"embeddable":true,"href":"https:\/\/www.enrouteprovence.fr\/hiking-walking-tours-provence-france\/fr\/wp-json\/wp\/v2\/users\/1"}],"replies":[{"embeddable":true,"href":"https:\/\/www.enrouteprovence.fr\/hiking-walking-tours-provence-france\/fr\/wp-json\/wp\/v2\/comments?post=148"}],"version-history":[{"count":10,"href":"https:\/\/www.enrouteprovence.fr\/hiking-walking-tours-provence-france\/fr\/wp-json\/wp\/v2\/pages\/148\/revisions"}],"predecessor-version":[{"id":15084,"href":"https:\/\/www.enrouteprovence.fr\/hiking-walking-tours-provence-france\/fr\/wp-json\/wp\/v2\/pages\/148\/revisions\/15084"}],"up":[{"embeddable":true,"href":"https:\/\/www.enrouteprovence.fr\/hiking-walking-tours-provence-france\/fr\/wp-json\/wp\/v2\/pages\/84"}],"wp:attachment":[{"href":"https:\/\/www.enrouteprovence.fr\/hiking-walking-tours-provence-france\/fr\/wp-json\/wp\/v2\/media?parent=148"}],"curies":[{"name":"wp","href":"https:\/\/api.w.org\/{rel}","templated":true}]}}