{"id":1873,"date":"2016-04-19T16:56:30","date_gmt":"2016-04-19T15:56:30","guid":{"rendered":"http:\/\/www.enrouteprovence.fr\/?page_id=1873"},"modified":"2022-06-23T16:19:44","modified_gmt":"2022-06-23T15:19:44","slug":"mentions-legales","status":"publish","type":"page","link":"https:\/\/www.enrouteprovence.fr\/hiking-walking-tours-provence-france\/fr\/mentions-legales","title":{"rendered":"Mentions l\u00e9gales"},"content":{"rendered":"<section id=\"builder-section-1461081365440\" class=\"builder-section-first builder-section builder-section-banner builder-section-last\" style=\"background-repeat: repeat;background-position: center center;\">\n<div class=\"builder-section-content\">\n<div class=\"builder-banner-slide content-position-none\" style=\"\">\n<div class=\"builder-banner-content\">\n<div class=\"builder-banner-inner-content\">\n<p><strong>\u00a0<\/strong><\/p>\n<p><span style=\"color: #000000;\">Le site est \u00e9dit\u00e9\u00a0par\u00a0:<\/span><br \/><span style=\"color: #000000;\">LETEMPLE Jean-Bernard<\/span><br \/><span style=\"color: #000000;\">Randonn\u00e9es p\u00e9destres guid\u00e9es<\/span><br \/><span style=\"color: #000000;\">200, Le Couletas<\/span><br \/><span style=\"color: #000000;\">04230 Saint-Etienne-les-Orgues<\/span><br \/><span style=\"color: #000000;\">jbletemple@club-internet.fr<\/span><br \/><span style=\"color: #000000;\">T\u00e9l.\u00a0: +33 (0)668690450<\/span><\/p>\n<p><span style=\"color: #000000;\">Travailleur Ind\u00e9pendant<\/span><br \/><span style=\"color: #000000;\">Siret\u00a0: 43023880800025<\/span><br \/><span style=\"color: #000000;\">code NAF\u00a0: 8551Z<\/span><br \/><span style=\"color: #000000;\">Carte professionnelle d\u2019\u00e9ducateur sportif (Accompagnateur en Montagne)\u00a0: n\u00b0 00402ED1091<\/span><\/p>\n<p><span style=\"color: #000000;\"><u>H\u00e9bergeur<\/u><\/span><\/p>\n<p><span style=\"color: #000000;\">1 &amp; 1 Internet SARL<\/span><br \/><span style=\"color: #000000;\">7 place de la Gare<\/span><br \/><span style=\"color: #000000;\">BP 70109<\/span><br \/><span style=\"color: #000000;\">57201 Sarreguemines Cedex<\/span><br \/><span style=\"color: #000000;\">T\u00e9l.\u00a0: +33 (0)970808911<\/span><\/p>\n<p><span style=\"text-decoration: underline;\">Cr\u00e9dits photographiques<\/span> :<\/p>\n<p>Juliette Letemple, Jean-Bernard Letemple, Ren\u00e9 Bossy, Bert Candaele, Julian Gale, Henri Nicollas.<\/p>\n<\/p><\/div>\n<\/p><\/div>\n<\/p><\/div>\n<\/p><\/div>\n<\/section>\n","protected":false},"excerpt":{"rendered":"<p>\u00a0 Le site est \u00e9dit\u00e9\u00a0par\u00a0:LETEMPLE Jean-BernardRandonn\u00e9es p\u00e9destres guid\u00e9es200, Le Couletas04230 Saint-Etienne-les-Orguesjbletemple@club-internet.frT\u00e9l.\u00a0: +33 (0)668690450 Travailleur Ind\u00e9pendantSiret\u00a0: 43023880800025code NAF\u00a0: 8551ZCarte professionnelle d\u2019\u00e9ducateur sportif (Accompagnateur en Montagne)\u00a0: n\u00b0 00402ED1091 H\u00e9bergeur 1 &amp; 1 Internet SARL7 place de la GareBP 7010957201 Sarreguemines CedexT\u00e9l.\u00a0: +33 (0)970808911 Cr\u00e9dits photographiques : Juliette Letemple, Jean-Bernard Letemple, Ren\u00e9 Bossy, Bert Candaele, Julian Gale, Henri &hellip;<\/p>\n","protected":false},"author":1,"featured_media":0,"parent":0,"menu_order":0,"comment_status":"closed","ping_status":"closed","template":"template-builder.php","meta":{"footnotes":""},"class_list":["post-1873","page","type-page","status-publish","hentry"],"yoast_head":"<!-- This site is optimized with the Yoast SEO plugin v27.4 - https:\/\/yoast.com\/product\/yoast-seo-wordpress\/ -->\n<title>Mentions l\u00e9gales | En route Provence<\/title>\n<meta name=\"description\" content=\"Come and discover Provence&#039;s outdoors on foot, escorted by a local walking guide, and get the most of its multiple faces : the pretty Provence towns and villages, from Gordes, Roussillon, St-Tropez, Vence or Bormes les Mimosas to St Remy or Les Baux de Provence, lush vineyards, colorful countryside and bright rugged landscapes like those of the Calanques National Park. Whatever your plan: the best of day trips from Nice or Marseille, a daily walk over one week in the Luberon or just the ascent of Mont Ventoux or Sainte-Victoire, we can provide you our experience and knowledge.\" \/>\n<meta name=\"robots\" content=\"index, follow, max-snippet:-1, max-image-preview:large, max-video-preview:-1\" \/>\n<link rel=\"canonical\" href=\"https:\/\/www.enrouteprovence.fr\/hiking-walking-tours-provence-france\/fr\/mentions-legales\" \/>\n<meta property=\"og:locale\" content=\"fr_FR\" \/>\n<meta property=\"og:type\" content=\"article\" \/>\n<meta property=\"og:title\" content=\"Mentions l\u00e9gales | En route Provence\" \/>\n<meta property=\"og:description\" content=\"Come and discover Provence&#039;s outdoors on foot, escorted by a local walking guide, and get the most of its multiple faces : the pretty Provence towns and villages, from Gordes, Roussillon, St-Tropez, Vence or Bormes les Mimosas to St Remy or Les Baux de Provence, lush vineyards, colorful countryside and bright rugged landscapes like those of the Calanques National Park. Whatever your plan: the best of day trips from Nice or Marseille, a daily walk over one week in the Luberon or just the ascent of Mont Ventoux or Sainte-Victoire, we can provide you our experience and knowledge.\" \/>\n<meta property=\"og:url\" content=\"https:\/\/www.enrouteprovence.fr\/hiking-walking-tours-provence-france\/fr\/mentions-legales\" \/>\n<meta property=\"og:site_name\" content=\"En route Provence\" \/>\n<meta property=\"article:modified_time\" content=\"2022-06-23T15:19:44+00:00\" \/>\n<meta name=\"twitter:card\" content=\"summary_large_image\" \/>\n<script type=\"application\/ld+json\" class=\"yoast-schema-graph\">{\"@context\":\"https:\\\/\\\/schema.org\",\"@graph\":[{\"@type\":\"WebPage\",\"@id\":\"https:\\\/\\\/www.enrouteprovence.fr\\\/hiking-walking-tours-provence-france\\\/fr\\\/mentions-legales\",\"url\":\"https:\\\/\\\/www.enrouteprovence.fr\\\/hiking-walking-tours-provence-france\\\/fr\\\/mentions-legales\",\"name\":\"Mentions l\u00e9gales | En route Provence\",\"isPartOf\":{\"@id\":\"https:\\\/\\\/www.enrouteprovence.fr\\\/hiking-walking-tours-provence-france\\\/#website\"},\"datePublished\":\"2016-04-19T15:56:30+00:00\",\"dateModified\":\"2022-06-23T15:19:44+00:00\",\"description\":\"Come and discover Provence's outdoors on foot, escorted by a local walking guide, and get the most of its multiple faces : the pretty Provence towns and villages, from Gordes, Roussillon, St-Tropez, Vence or Bormes les Mimosas to St Remy or Les Baux de Provence, lush vineyards, colorful countryside and bright rugged landscapes like those of the Calanques National Park. Whatever your plan: the best of day trips from Nice or Marseille, a daily walk over one week in the Luberon or just the ascent of Mont Ventoux or Sainte-Victoire, we can provide you our experience and knowledge.\",\"breadcrumb\":{\"@id\":\"https:\\\/\\\/www.enrouteprovence.fr\\\/hiking-walking-tours-provence-france\\\/fr\\\/mentions-legales#breadcrumb\"},\"inLanguage\":\"fr-FR\",\"potentialAction\":[{\"@type\":\"ReadAction\",\"target\":[\"https:\\\/\\\/www.enrouteprovence.fr\\\/hiking-walking-tours-provence-france\\\/fr\\\/mentions-legales\"]}]},{\"@type\":\"BreadcrumbList\",\"@id\":\"https:\\\/\\\/www.enrouteprovence.fr\\\/hiking-walking-tours-provence-france\\\/fr\\\/mentions-legales#breadcrumb\",\"itemListElement\":[{\"@type\":\"ListItem\",\"position\":1,\"name\":\"Home\",\"item\":\"https:\\\/\\\/www.enrouteprovence.fr\\\/hiking-walking-tours-provence-france\\\/fr\"},{\"@type\":\"ListItem\",\"position\":2,\"name\":\"Mentions l\u00e9gales\"}]},{\"@type\":\"WebSite\",\"@id\":\"https:\\\/\\\/www.enrouteprovence.fr\\\/hiking-walking-tours-provence-france\\\/#website\",\"url\":\"https:\\\/\\\/www.enrouteprovence.fr\\\/hiking-walking-tours-provence-france\\\/\",\"name\":\"En route Provence\",\"description\":\"Walking Provence with a local guide\",\"publisher\":{\"@id\":\"https:\\\/\\\/www.enrouteprovence.fr\\\/hiking-walking-tours-provence-france\\\/#\\\/schema\\\/person\\\/af05f7bb993f95aa77136a6845e974d1\"},\"potentialAction\":[{\"@type\":\"SearchAction\",\"target\":{\"@type\":\"EntryPoint\",\"urlTemplate\":\"https:\\\/\\\/www.enrouteprovence.fr\\\/hiking-walking-tours-provence-france\\\/?s={search_term_string}\"},\"query-input\":{\"@type\":\"PropertyValueSpecification\",\"valueRequired\":true,\"valueName\":\"search_term_string\"}}],\"inLanguage\":\"fr-FR\"},{\"@type\":[\"Person\",\"Organization\"],\"@id\":\"https:\\\/\\\/www.enrouteprovence.fr\\\/hiking-walking-tours-provence-france\\\/#\\\/schema\\\/person\\\/af05f7bb993f95aa77136a6845e974d1\",\"name\":\"jean-bernard-jb\",\"image\":{\"@type\":\"ImageObject\",\"inLanguage\":\"fr-FR\",\"@id\":\"https:\\\/\\\/secure.gravatar.com\\\/avatar\\\/25948e7e644d7187247bba1791838724eaccec85389611bf578fb1d316dab3d9?s=96&d=mm&r=g\",\"url\":\"https:\\\/\\\/secure.gravatar.com\\\/avatar\\\/25948e7e644d7187247bba1791838724eaccec85389611bf578fb1d316dab3d9?s=96&d=mm&r=g\",\"contentUrl\":\"https:\\\/\\\/secure.gravatar.com\\\/avatar\\\/25948e7e644d7187247bba1791838724eaccec85389611bf578fb1d316dab3d9?s=96&d=mm&r=g\",\"caption\":\"jean-bernard-jb\"},\"logo\":{\"@id\":\"https:\\\/\\\/secure.gravatar.com\\\/avatar\\\/25948e7e644d7187247bba1791838724eaccec85389611bf578fb1d316dab3d9?s=96&d=mm&r=g\"}}]}<\/script>\n<!-- \/ Yoast SEO plugin. -->","yoast_head_json":{"title":"Mentions l\u00e9gales | En route Provence","description":"Come and discover Provence's outdoors on foot, escorted by a local walking guide, and get the most of its multiple faces : the pretty Provence towns and villages, from Gordes, Roussillon, St-Tropez, Vence or Bormes les Mimosas to St Remy or Les Baux de Provence, lush vineyards, colorful countryside and bright rugged landscapes like those of the Calanques National Park. Whatever your plan: the best of day trips from Nice or Marseille, a daily walk over one week in the Luberon or just the ascent of Mont Ventoux or Sainte-Victoire, we can provide you our experience and knowledge.","robots":{"index":"index","follow":"follow","max-snippet":"max-snippet:-1","max-image-preview":"max-image-preview:large","max-video-preview":"max-video-preview:-1"},"canonical":"https:\/\/www.enrouteprovence.fr\/hiking-walking-tours-provence-france\/fr\/mentions-legales","og_locale":"fr_FR","og_type":"article","og_title":"Mentions l\u00e9gales | En route Provence","og_description":"Come and discover Provence's outdoors on foot, escorted by a local walking guide, and get the most of its multiple faces : the pretty Provence towns and villages, from Gordes, Roussillon, St-Tropez, Vence or Bormes les Mimosas to St Remy or Les Baux de Provence, lush vineyards, colorful countryside and bright rugged landscapes like those of the Calanques National Park. Whatever your plan: the best of day trips from Nice or Marseille, a daily walk over one week in the Luberon or just the ascent of Mont Ventoux or Sainte-Victoire, we can provide you our experience and knowledge.","og_url":"https:\/\/www.enrouteprovence.fr\/hiking-walking-tours-provence-france\/fr\/mentions-legales","og_site_name":"En route Provence","article_modified_time":"2022-06-23T15:19:44+00:00","twitter_card":"summary_large_image","schema":{"@context":"https:\/\/schema.org","@graph":[{"@type":"WebPage","@id":"https:\/\/www.enrouteprovence.fr\/hiking-walking-tours-provence-france\/fr\/mentions-legales","url":"https:\/\/www.enrouteprovence.fr\/hiking-walking-tours-provence-france\/fr\/mentions-legales","name":"Mentions l\u00e9gales | En route Provence","isPartOf":{"@id":"https:\/\/www.enrouteprovence.fr\/hiking-walking-tours-provence-france\/#website"},"datePublished":"2016-04-19T15:56:30+00:00","dateModified":"2022-06-23T15:19:44+00:00","description":"Come and discover Provence's outdoors on foot, escorted by a local walking guide, and get the most of its multiple faces : the pretty Provence towns and villages, from Gordes, Roussillon, St-Tropez, Vence or Bormes les Mimosas to St Remy or Les Baux de Provence, lush vineyards, colorful countryside and bright rugged landscapes like those of the Calanques National Park. Whatever your plan: the best of day trips from Nice or Marseille, a daily walk over one week in the Luberon or just the ascent of Mont Ventoux or Sainte-Victoire, we can provide you our experience and knowledge.","breadcrumb":{"@id":"https:\/\/www.enrouteprovence.fr\/hiking-walking-tours-provence-france\/fr\/mentions-legales#breadcrumb"},"inLanguage":"fr-FR","potentialAction":[{"@type":"ReadAction","target":["https:\/\/www.enrouteprovence.fr\/hiking-walking-tours-provence-france\/fr\/mentions-legales"]}]},{"@type":"BreadcrumbList","@id":"https:\/\/www.enrouteprovence.fr\/hiking-walking-tours-provence-france\/fr\/mentions-legales#breadcrumb","itemListElement":[{"@type":"ListItem","position":1,"name":"Home","item":"https:\/\/www.enrouteprovence.fr\/hiking-walking-tours-provence-france\/fr"},{"@type":"ListItem","position":2,"name":"Mentions l\u00e9gales"}]},{"@type":"WebSite","@id":"https:\/\/www.enrouteprovence.fr\/hiking-walking-tours-provence-france\/#website","url":"https:\/\/www.enrouteprovence.fr\/hiking-walking-tours-provence-france\/","name":"En route Provence","description":"Walking Provence with a local guide","publisher":{"@id":"https:\/\/www.enrouteprovence.fr\/hiking-walking-tours-provence-france\/#\/schema\/person\/af05f7bb993f95aa77136a6845e974d1"},"potentialAction":[{"@type":"SearchAction","target":{"@type":"EntryPoint","urlTemplate":"https:\/\/www.enrouteprovence.fr\/hiking-walking-tours-provence-france\/?s={search_term_string}"},"query-input":{"@type":"PropertyValueSpecification","valueRequired":true,"valueName":"search_term_string"}}],"inLanguage":"fr-FR"},{"@type":["Person","Organization"],"@id":"https:\/\/www.enrouteprovence.fr\/hiking-walking-tours-provence-france\/#\/schema\/person\/af05f7bb993f95aa77136a6845e974d1","name":"jean-bernard-jb","image":{"@type":"ImageObject","inLanguage":"fr-FR","@id":"https:\/\/secure.gravatar.com\/avatar\/25948e7e644d7187247bba1791838724eaccec85389611bf578fb1d316dab3d9?s=96&d=mm&r=g","url":"https:\/\/secure.gravatar.com\/avatar\/25948e7e644d7187247bba1791838724eaccec85389611bf578fb1d316dab3d9?s=96&d=mm&r=g","contentUrl":"https:\/\/secure.gravatar.com\/avatar\/25948e7e644d7187247bba1791838724eaccec85389611bf578fb1d316dab3d9?s=96&d=mm&r=g","caption":"jean-bernard-jb"},"logo":{"@id":"https:\/\/secure.gravatar.com\/avatar\/25948e7e644d7187247bba1791838724eaccec85389611bf578fb1d316dab3d9?s=96&d=mm&r=g"}}]}},"_links":{"self":[{"href":"https:\/\/www.enrouteprovence.fr\/hiking-walking-tours-provence-france\/fr\/wp-json\/wp\/v2\/pages\/1873","targetHints":{"allow":["GET"]}}],"collection":[{"href":"https:\/\/www.enrouteprovence.fr\/hiking-walking-tours-provence-france\/fr\/wp-json\/wp\/v2\/pages"}],"about":[{"href":"https:\/\/www.enrouteprovence.fr\/hiking-walking-tours-provence-france\/fr\/wp-json\/wp\/v2\/types\/page"}],"author":[{"embeddable":true,"href":"https:\/\/www.enrouteprovence.fr\/hiking-walking-tours-provence-france\/fr\/wp-json\/wp\/v2\/users\/1"}],"replies":[{"embeddable":true,"href":"https:\/\/www.enrouteprovence.fr\/hiking-walking-tours-provence-france\/fr\/wp-json\/wp\/v2\/comments?post=1873"}],"version-history":[{"count":8,"href":"https:\/\/www.enrouteprovence.fr\/hiking-walking-tours-provence-france\/fr\/wp-json\/wp\/v2\/pages\/1873\/revisions"}],"predecessor-version":[{"id":12989,"href":"https:\/\/www.enrouteprovence.fr\/hiking-walking-tours-provence-france\/fr\/wp-json\/wp\/v2\/pages\/1873\/revisions\/12989"}],"wp:attachment":[{"href":"https:\/\/www.enrouteprovence.fr\/hiking-walking-tours-provence-france\/fr\/wp-json\/wp\/v2\/media?parent=1873"}],"curies":[{"name":"wp","href":"https:\/\/api.w.org\/{rel}","templated":true}]}}