{"id":909,"date":"2016-03-16T07:08:37","date_gmt":"2016-03-16T06:08:37","guid":{"rendered":"http:\/\/www.enrouteprovence.fr\/?page_id=909"},"modified":"2023-04-26T09:30:26","modified_gmt":"2023-04-26T08:30:26","slug":"vin-et-gastronomie","status":"publish","type":"page","link":"https:\/\/www.enrouteprovence.fr\/hiking-walking-tours-provence-france\/fr\/vin-et-gastronomie","title":{"rendered":"Vin et gastronomie"},"content":{"rendered":"<section id=\"builder-section-1458108651974\" class=\"builder-section-first builder-section builder-section-banner builder-section-next-text\" style=\"background-repeat: repeat;background-position: center center;\">\n<div class=\"builder-section-content\">\n<div class=\"builder-banner-slide content-position-none\" style=\"background-color:#1e73be;\">\n<div class=\"builder-banner-content\">\n<div class=\"builder-banner-inner-content\">\n<h2 style=\"text-align: center;\"><span style=\"color: #ffffff;\"><small><big>Vin et gastronomie<\/big><\/small><\/span><\/h2>\n<\/p><\/div>\n<\/p><\/div>\n<\/p><\/div>\n<\/p><\/div>\n<\/section>\n<section id=\"builder-section-1519964719590\" class=\"builder-section-prev-banner builder-section builder-section-text builder-section-next-text builder-section-full-width builder-text-columns-2\" style=\"background-repeat: repeat;background-position: center center;\">\n<div class=\"builder-section-content\">\n<div class=\"builder-text-row\">\n<div class=\"builder-text-column builder-text-column-1\" id=\"builder-section-1519964719590-column-1\">\n<div class=\"builder-text-content\">\n<p><img data-recalc-dims=\"1\" loading=\"lazy\" decoding=\"async\" class=\"alignnone size-large wp-image-14819\" src=\"https:\/\/i0.wp.com\/www.enrouteprovence.fr\/wp-content\/uploads\/2023\/04\/vignes__cabanon.jpg?resize=960%2C640&#038;ssl=1\" alt=\"\" width=\"960\" height=\"640\" srcset=\"https:\/\/i0.wp.com\/www.enrouteprovence.fr\/wp-content\/uploads\/2023\/04\/vignes__cabanon.jpg?resize=1024%2C683&amp;ssl=1 1024w, https:\/\/i0.wp.com\/www.enrouteprovence.fr\/wp-content\/uploads\/2023\/04\/vignes__cabanon.jpg?resize=300%2C200&amp;ssl=1 300w, https:\/\/i0.wp.com\/www.enrouteprovence.fr\/wp-content\/uploads\/2023\/04\/vignes__cabanon.jpg?resize=768%2C512&amp;ssl=1 768w, https:\/\/i0.wp.com\/www.enrouteprovence.fr\/wp-content\/uploads\/2023\/04\/vignes__cabanon.jpg?resize=1536%2C1024&amp;ssl=1 1536w, https:\/\/i0.wp.com\/www.enrouteprovence.fr\/wp-content\/uploads\/2023\/04\/vignes__cabanon.jpg?resize=24%2C16&amp;ssl=1 24w, https:\/\/i0.wp.com\/www.enrouteprovence.fr\/wp-content\/uploads\/2023\/04\/vignes__cabanon.jpg?resize=36%2C24&amp;ssl=1 36w, https:\/\/i0.wp.com\/www.enrouteprovence.fr\/wp-content\/uploads\/2023\/04\/vignes__cabanon.jpg?resize=48%2C32&amp;ssl=1 48w, https:\/\/i0.wp.com\/www.enrouteprovence.fr\/wp-content\/uploads\/2023\/04\/vignes__cabanon.jpg?w=1920&amp;ssl=1 1920w\" sizes=\"auto, (max-width: 960px) 100vw, 960px\" \/><\/p>\n<\/p><\/div>\n<\/p><\/div>\n<div class=\"builder-text-column builder-text-column-2\" id=\"builder-section-1519964719590-column-2\">\n<div class=\"builder-text-content\">\n<h3 style=\"text-align: center;\"><strong>Vignes et vins dans le Luberon :<\/strong><br \/><strong>le terroir de Caseneuve<\/strong><\/h3>\n<p>\u00a0<\/p>\n<p style=\"text-align: justify;\">Entre les pentes sud-est du\u00a0<em>Mont Ventoux<\/em>\u00a0et le flanc nord du\u00a0<em>Grand Luberon<\/em>, venez vous balader sur les coteaux, couverts de vignes, qui ceinturent le village perch\u00e9 de\u00a0<em>Caseneuve,<\/em>\u00a0pour d\u00e9couvrir cette plante \u00e0 la fois si famili\u00e8re et si mal connue : la vigne. Apr\u00e8s avoir appris de votre guide ses origines, ses m\u00e9thodes de culture et de fabrication, vous aurez la possibilit\u00e9 de go\u00fbter le vin, en savourant un d\u00e9licieux repas \u00e0<em>\u00a0L\u2019Authentic<\/em>, un bon restaurant, labellis\u00e9 \u00ab\u00a0Bistrot de Pays\u00a0\u00bb. And in the afternoon, you will meet Fran\u00e7ois, a passionate winegrower, near his vineyards, the\u00a0<em>Domaine Allo\u00efs<\/em>, and will enjoy tasting his wines and grape juice.<\/p>\n<p style=\"text-align: justify;\"><strong>Dur\u00e9e de marche<\/strong>\u00a0: 3 heures (total de la sortie : 6 \u00e0 7 h)<br \/><strong>Niveau<\/strong>\u00a0: facile<\/p>\n<\/p><\/div>\n<\/p><\/div>\n<\/p><\/div>\n<\/p><\/div>\n<\/section>\n<section id=\"builder-section-1519964743516\" class=\"builder-section-prev-text builder-section builder-section-text builder-section-next-text builder-section-full-width builder-text-columns-2\" style=\"background-repeat: repeat;background-position: center center;\">\n<div class=\"builder-section-content\">\n<div class=\"builder-text-row\">\n<div class=\"builder-text-column builder-text-column-1\" id=\"builder-section-1519964743516-column-1\">\n<div class=\"builder-text-content\">\n<h3>\u00a0<\/h3>\n<h3 style=\"text-align: center;\"><strong>Les vins de Cassis : un terroir<\/strong><br \/><strong>model\u00e9 par le calcaire et la mer\u00a0<\/strong><\/h3>\n<p>\u00a0<\/p>\n<p style=\"text-align: justify;\">Les vignobles de l&rsquo;appellation \u00ab\u00a0<em>Cassis\u00a0\u00bb<\/em>\u00a0forment un terroir r\u00e9duit. Le plus gros s&rsquo;\u00e9tend sur les coteaux qui vont du pied des hautes falaises calcaires \u00e0 la plaine et, plus bas encore, jusqu&rsquo;\u00e0 la mer. Cette randonn\u00e9e vous conduit au sommet des deux collines dont les cr\u00eates rocheuses, telles des couronnes g\u00e9antes, dominent le petit port et ses alentours : la\u00a0<em>Couronne de Charlemagne<\/em>\u00a0et le\u00a0<em>Baou de la Saoupe<\/em>. Vous parcourrez la pin\u00e8de entre falaises et vignes. Lors de votre halte au <em>Domaine du Bagnol<\/em>, une cave familiale, vous aurez l&rsquo;occasion de go\u00fbter des blancs et des ros\u00e9s. Et pour votre repas \u00e0\u00a0<em>La Villa Madie<\/em>, vous pourrez sans doute appr\u00e9cier de d\u00e9licieux fruits de mer, accompagn\u00e9s d&rsquo;un vin blanc gras et long en bouche.\u00a0<\/p>\n<p>\u00a0<\/p>\n<p style=\"text-align: justify;\"><strong>Dur\u00e9e de marche<\/strong>\u00a0: 3 heures (total de la sortie : 6 \u00e0 7 h)<br \/><strong>Niveau<\/strong>\u00a0: assez facile (terrain parfois pierreux et\/ou pentu)<\/p>\n<p>\u00a0<\/p>\n<p>\u00a0<\/p>\n<\/p><\/div>\n<\/p><\/div>\n<div class=\"builder-text-column builder-text-column-2\" id=\"builder-section-1519964743516-column-2\">\n<div class=\"builder-text-content\">\n<p><img data-recalc-dims=\"1\" loading=\"lazy\" decoding=\"async\" src=\"https:\/\/i0.wp.com\/www.enrouteprovence.fr\/wp-content\/uploads\/2016\/03\/Vignes-dvt-Cap-Canaille_2.jpg?resize=960%2C879&#038;ssl=1\" width=\"960\" height=\"879\" class=\"alignnone size-full wp-image-3123\" srcset=\"https:\/\/i0.wp.com\/www.enrouteprovence.fr\/wp-content\/uploads\/2016\/03\/Vignes-dvt-Cap-Canaille_2.jpg?w=1337&amp;ssl=1 1337w, https:\/\/i0.wp.com\/www.enrouteprovence.fr\/wp-content\/uploads\/2016\/03\/Vignes-dvt-Cap-Canaille_2.jpg?resize=300%2C275&amp;ssl=1 300w, https:\/\/i0.wp.com\/www.enrouteprovence.fr\/wp-content\/uploads\/2016\/03\/Vignes-dvt-Cap-Canaille_2.jpg?resize=768%2C703&amp;ssl=1 768w, https:\/\/i0.wp.com\/www.enrouteprovence.fr\/wp-content\/uploads\/2016\/03\/Vignes-dvt-Cap-Canaille_2.jpg?resize=1024%2C937&amp;ssl=1 1024w\" sizes=\"auto, (max-width: 960px) 100vw, 960px\" \/><\/p>\n<\/p><\/div>\n<\/p><\/div>\n<\/p><\/div>\n<\/p><\/div>\n<\/section>\n<section id=\"builder-section-1519964760038\" class=\"builder-section-prev-text builder-section builder-section-text builder-section-last builder-section-full-width builder-text-columns-2\" style=\"background-repeat: repeat;background-position: center center;\">\n<div class=\"builder-section-content\">\n<div class=\"builder-text-row\">\n<div class=\"builder-text-column builder-text-column-1\" id=\"builder-section-1519964760038-column-1\">\n<div class=\"builder-text-content\">\n<p><img data-recalc-dims=\"1\" loading=\"lazy\" decoding=\"async\" class=\"alignnone size-full wp-image-15075\" src=\"https:\/\/i0.wp.com\/www.enrouteprovence.fr\/wp-content\/uploads\/2023\/04\/sentier-littoral_bec-Aigle.jpg?resize=782%2C584&#038;ssl=1\" alt=\"\" width=\"782\" height=\"584\" srcset=\"https:\/\/i0.wp.com\/www.enrouteprovence.fr\/wp-content\/uploads\/2023\/04\/sentier-littoral_bec-Aigle.jpg?w=782&amp;ssl=1 782w, https:\/\/i0.wp.com\/www.enrouteprovence.fr\/wp-content\/uploads\/2023\/04\/sentier-littoral_bec-Aigle.jpg?resize=300%2C224&amp;ssl=1 300w, https:\/\/i0.wp.com\/www.enrouteprovence.fr\/wp-content\/uploads\/2023\/04\/sentier-littoral_bec-Aigle.jpg?resize=768%2C574&amp;ssl=1 768w, https:\/\/i0.wp.com\/www.enrouteprovence.fr\/wp-content\/uploads\/2023\/04\/sentier-littoral_bec-Aigle.jpg?resize=24%2C18&amp;ssl=1 24w, https:\/\/i0.wp.com\/www.enrouteprovence.fr\/wp-content\/uploads\/2023\/04\/sentier-littoral_bec-Aigle.jpg?resize=36%2C27&amp;ssl=1 36w, https:\/\/i0.wp.com\/www.enrouteprovence.fr\/wp-content\/uploads\/2023\/04\/sentier-littoral_bec-Aigle.jpg?resize=48%2C36&amp;ssl=1 48w\" sizes=\"auto, (max-width: 782px) 100vw, 782px\" \/><\/p>\n<\/p><\/div>\n<\/p><\/div>\n<div class=\"builder-text-column builder-text-column-2\" id=\"builder-section-1519964760038-column-2\">\n<div class=\"builder-text-content\">\n<h3 style=\"text-align: center;\"><strong>Les vins rouges et ros\u00e9s de Bandol\u00a0:<\/strong><br \/><strong>les raisons de leurs saveurs uniques<\/strong><\/h3>\n<p style=\"text-align: justify;\">Situ\u00e9 sur la c\u00f4te, entre Marseille et Toulon, Bandol, un port de p\u00eache au-dessus duquel les vignes s&rsquo;accrochent aux versants des collines, a donn\u00e9 son nom \u00e0 une appellation particuli\u00e8re parmi toutes celles existant en Provence. Souvent associ\u00e9 au ros\u00e9, le vin de Bandol est \u00e9galement produit en rouge et en blanc, tous deux excellents, eux aussi. Vous pourrez le v\u00e9rifier par vous-m\u00eame en les go\u00fbtant aux\u00a0<em>Domaines Bunan<\/em>\u00a0durant la visite de la cave. Auparavant, vous aurez d\u00e9gust\u00e9 un succulent repas au restaurant gastronomique de\u00a0<em>L\u2019Hostellerie B\u00e9rard<\/em>\u00a0dans le joli village de\u00a0<em>La Cadi\u00e8re d\u2019Azur<\/em>. Au menu du matin, plus physique celui-ci, vous aurez appr\u00e9ci\u00e9 une marche tr\u00e8s agr\u00e9able en bordure de mer, avec comme point d&rsquo;orgue, la magnifique calanque de\u00a0<em>Port d\u2019Alon<\/em>.\u00a0<\/p>\n<p style=\"text-align: justify;\"><strong>Dur\u00e9e de marche<\/strong>\u00a0: 3 heures (total de la sortie : 6 \u00e0 7 h)<br \/><strong>Niveau<\/strong>\u00a0: mod\u00e9r\u00e9 (portions pierreuses)<\/p>\n<\/p><\/div>\n<\/p><\/div>\n<\/p><\/div>\n<\/p><\/div>\n<\/section>\n","protected":false},"excerpt":{"rendered":"<p>Vin et gastronomie Vignes et vins dans le Luberon :le terroir de Caseneuve \u00a0 Entre les pentes sud-est du\u00a0Mont Ventoux\u00a0et le flanc nord du\u00a0Grand Luberon, venez vous balader sur les coteaux, couverts de vignes, qui ceinturent le village perch\u00e9 de\u00a0Caseneuve,\u00a0pour d\u00e9couvrir cette plante \u00e0 la fois si famili\u00e8re et si mal connue : la vigne. &hellip;<\/p>\n","protected":false},"author":1,"featured_media":0,"parent":0,"menu_order":0,"comment_status":"closed","ping_status":"closed","template":"template-builder.php","meta":{"footnotes":""},"class_list":["post-909","page","type-page","status-publish","hentry"],"yoast_head":"<!-- This site is optimized with the Yoast SEO plugin v27.3 - https:\/\/yoast.com\/product\/yoast-seo-wordpress\/ -->\n<title>Vin et gastronomie | En route Provence<\/title>\n<meta name=\"description\" content=\"Come and discover Provence&#039;s outdoors on foot, escorted by a local walking guide, and get the most of its multiple faces : the pretty Provence towns and villages, from Gordes, Roussillon, St-Tropez, Vence or Bormes les Mimosas to St Remy or Les Baux de Provence, lush vineyards, colorful countryside and bright rugged landscapes like those of the Calanques National Park. Whatever your plan: the best of day trips from Nice or Marseille, a daily walk over one week in the Luberon or just the ascent of Mont Ventoux or Sainte-Victoire, we can provide you our experience and knowledge.\" \/>\n<meta name=\"robots\" content=\"index, follow, max-snippet:-1, max-image-preview:large, max-video-preview:-1\" \/>\n<link rel=\"canonical\" href=\"https:\/\/www.enrouteprovence.fr\/hiking-walking-tours-provence-france\/wine-and-cuisine\" \/>\n<meta property=\"og:locale\" content=\"fr_FR\" \/>\n<meta property=\"og:type\" content=\"article\" \/>\n<meta property=\"og:title\" content=\"Vin et gastronomie | En route Provence\" \/>\n<meta property=\"og:description\" content=\"Come and discover Provence&#039;s outdoors on foot, escorted by a local walking guide, and get the most of its multiple faces : the pretty Provence towns and villages, from Gordes, Roussillon, St-Tropez, Vence or Bormes les Mimosas to St Remy or Les Baux de Provence, lush vineyards, colorful countryside and bright rugged landscapes like those of the Calanques National Park. Whatever your plan: the best of day trips from Nice or Marseille, a daily walk over one week in the Luberon or just the ascent of Mont Ventoux or Sainte-Victoire, we can provide you our experience and knowledge.\" \/>\n<meta property=\"og:url\" content=\"https:\/\/www.enrouteprovence.fr\/hiking-walking-tours-provence-france\/wine-and-cuisine\" \/>\n<meta property=\"og:site_name\" content=\"En route Provence\" \/>\n<meta property=\"article:modified_time\" content=\"2023-04-26T08:30:26+00:00\" \/>\n<meta property=\"og:image\" content=\"https:\/\/www.enrouteprovence.fr\/wp-content\/uploads\/2023\/04\/vignes__cabanon-1024x683.jpg\" \/>\n<meta name=\"twitter:card\" content=\"summary_large_image\" \/>\n<meta name=\"twitter:label1\" content=\"Dur\u00e9e de lecture estim\u00e9e\" \/>\n\t<meta name=\"twitter:data1\" content=\"3 minutes\" \/>\n<script type=\"application\/ld+json\" class=\"yoast-schema-graph\">{\"@context\":\"https:\\\/\\\/schema.org\",\"@graph\":[{\"@type\":\"WebPage\",\"@id\":\"https:\\\/\\\/www.enrouteprovence.fr\\\/hiking-walking-tours-provence-france\\\/wine-and-cuisine\",\"url\":\"https:\\\/\\\/www.enrouteprovence.fr\\\/hiking-walking-tours-provence-france\\\/wine-and-cuisine\",\"name\":\"Vin et gastronomie | En route Provence\",\"isPartOf\":{\"@id\":\"https:\\\/\\\/www.enrouteprovence.fr\\\/hiking-walking-tours-provence-france\\\/#website\"},\"primaryImageOfPage\":{\"@id\":\"https:\\\/\\\/www.enrouteprovence.fr\\\/hiking-walking-tours-provence-france\\\/wine-and-cuisine#primaryimage\"},\"image\":{\"@id\":\"https:\\\/\\\/www.enrouteprovence.fr\\\/hiking-walking-tours-provence-france\\\/wine-and-cuisine#primaryimage\"},\"thumbnailUrl\":\"https:\\\/\\\/www.enrouteprovence.fr\\\/wp-content\\\/uploads\\\/2023\\\/04\\\/vignes__cabanon-1024x683.jpg\",\"datePublished\":\"2016-03-16T06:08:37+00:00\",\"dateModified\":\"2023-04-26T08:30:26+00:00\",\"description\":\"Come and discover Provence's outdoors on foot, escorted by a local walking guide, and get the most of its multiple faces : the pretty Provence towns and villages, from Gordes, Roussillon, St-Tropez, Vence or Bormes les Mimosas to St Remy or Les Baux de Provence, lush vineyards, colorful countryside and bright rugged landscapes like those of the Calanques National Park. Whatever your plan: the best of day trips from Nice or Marseille, a daily walk over one week in the Luberon or just the ascent of Mont Ventoux or Sainte-Victoire, we can provide you our experience and knowledge.\",\"breadcrumb\":{\"@id\":\"https:\\\/\\\/www.enrouteprovence.fr\\\/hiking-walking-tours-provence-france\\\/wine-and-cuisine#breadcrumb\"},\"inLanguage\":\"fr-FR\",\"potentialAction\":[{\"@type\":\"ReadAction\",\"target\":[\"https:\\\/\\\/www.enrouteprovence.fr\\\/hiking-walking-tours-provence-france\\\/wine-and-cuisine\"]}]},{\"@type\":\"ImageObject\",\"inLanguage\":\"fr-FR\",\"@id\":\"https:\\\/\\\/www.enrouteprovence.fr\\\/hiking-walking-tours-provence-france\\\/wine-and-cuisine#primaryimage\",\"url\":\"https:\\\/\\\/www.enrouteprovence.fr\\\/wp-content\\\/uploads\\\/2023\\\/04\\\/vignes__cabanon-1024x683.jpg\",\"contentUrl\":\"https:\\\/\\\/www.enrouteprovence.fr\\\/wp-content\\\/uploads\\\/2023\\\/04\\\/vignes__cabanon-1024x683.jpg\"},{\"@type\":\"BreadcrumbList\",\"@id\":\"https:\\\/\\\/www.enrouteprovence.fr\\\/hiking-walking-tours-provence-france\\\/wine-and-cuisine#breadcrumb\",\"itemListElement\":[{\"@type\":\"ListItem\",\"position\":1,\"name\":\"Home\",\"item\":\"https:\\\/\\\/www.enrouteprovence.fr\\\/hiking-walking-tours-provence-france\\\/fr\"},{\"@type\":\"ListItem\",\"position\":2,\"name\":\"Vin et gastronomie\"}]},{\"@type\":\"WebSite\",\"@id\":\"https:\\\/\\\/www.enrouteprovence.fr\\\/hiking-walking-tours-provence-france\\\/#website\",\"url\":\"https:\\\/\\\/www.enrouteprovence.fr\\\/hiking-walking-tours-provence-france\\\/\",\"name\":\"En route Provence\",\"description\":\"Walking Provence with a local guide\",\"publisher\":{\"@id\":\"https:\\\/\\\/www.enrouteprovence.fr\\\/hiking-walking-tours-provence-france\\\/#\\\/schema\\\/person\\\/53edc6896f78ea1ba78f67b51559737b\"},\"potentialAction\":[{\"@type\":\"SearchAction\",\"target\":{\"@type\":\"EntryPoint\",\"urlTemplate\":\"https:\\\/\\\/www.enrouteprovence.fr\\\/hiking-walking-tours-provence-france\\\/?s={search_term_string}\"},\"query-input\":{\"@type\":\"PropertyValueSpecification\",\"valueRequired\":true,\"valueName\":\"search_term_string\"}}],\"inLanguage\":\"fr-FR\"},{\"@type\":[\"Person\",\"Organization\"],\"@id\":\"https:\\\/\\\/www.enrouteprovence.fr\\\/hiking-walking-tours-provence-france\\\/#\\\/schema\\\/person\\\/53edc6896f78ea1ba78f67b51559737b\",\"name\":\"Jean-Bernard\",\"image\":{\"@type\":\"ImageObject\",\"inLanguage\":\"fr-FR\",\"@id\":\"https:\\\/\\\/secure.gravatar.com\\\/avatar\\\/25948e7e644d7187247bba1791838724eaccec85389611bf578fb1d316dab3d9?s=96&d=mm&r=g\",\"url\":\"https:\\\/\\\/secure.gravatar.com\\\/avatar\\\/25948e7e644d7187247bba1791838724eaccec85389611bf578fb1d316dab3d9?s=96&d=mm&r=g\",\"contentUrl\":\"https:\\\/\\\/secure.gravatar.com\\\/avatar\\\/25948e7e644d7187247bba1791838724eaccec85389611bf578fb1d316dab3d9?s=96&d=mm&r=g\",\"caption\":\"Jean-Bernard\"},\"logo\":{\"@id\":\"https:\\\/\\\/secure.gravatar.com\\\/avatar\\\/25948e7e644d7187247bba1791838724eaccec85389611bf578fb1d316dab3d9?s=96&d=mm&r=g\"}}]}<\/script>\n<!-- \/ Yoast SEO plugin. -->","yoast_head_json":{"title":"Vin et gastronomie | En route Provence","description":"Come and discover Provence's outdoors on foot, escorted by a local walking guide, and get the most of its multiple faces : the pretty Provence towns and villages, from Gordes, Roussillon, St-Tropez, Vence or Bormes les Mimosas to St Remy or Les Baux de Provence, lush vineyards, colorful countryside and bright rugged landscapes like those of the Calanques National Park. Whatever your plan: the best of day trips from Nice or Marseille, a daily walk over one week in the Luberon or just the ascent of Mont Ventoux or Sainte-Victoire, we can provide you our experience and knowledge.","robots":{"index":"index","follow":"follow","max-snippet":"max-snippet:-1","max-image-preview":"max-image-preview:large","max-video-preview":"max-video-preview:-1"},"canonical":"https:\/\/www.enrouteprovence.fr\/hiking-walking-tours-provence-france\/wine-and-cuisine","og_locale":"fr_FR","og_type":"article","og_title":"Vin et gastronomie | En route Provence","og_description":"Come and discover Provence's outdoors on foot, escorted by a local walking guide, and get the most of its multiple faces : the pretty Provence towns and villages, from Gordes, Roussillon, St-Tropez, Vence or Bormes les Mimosas to St Remy or Les Baux de Provence, lush vineyards, colorful countryside and bright rugged landscapes like those of the Calanques National Park. Whatever your plan: the best of day trips from Nice or Marseille, a daily walk over one week in the Luberon or just the ascent of Mont Ventoux or Sainte-Victoire, we can provide you our experience and knowledge.","og_url":"https:\/\/www.enrouteprovence.fr\/hiking-walking-tours-provence-france\/wine-and-cuisine","og_site_name":"En route Provence","article_modified_time":"2023-04-26T08:30:26+00:00","og_image":[{"url":"https:\/\/www.enrouteprovence.fr\/wp-content\/uploads\/2023\/04\/vignes__cabanon-1024x683.jpg","type":"","width":"","height":""}],"twitter_card":"summary_large_image","twitter_misc":{"Dur\u00e9e de lecture estim\u00e9e":"3 minutes"},"schema":{"@context":"https:\/\/schema.org","@graph":[{"@type":"WebPage","@id":"https:\/\/www.enrouteprovence.fr\/hiking-walking-tours-provence-france\/wine-and-cuisine","url":"https:\/\/www.enrouteprovence.fr\/hiking-walking-tours-provence-france\/wine-and-cuisine","name":"Vin et gastronomie | En route Provence","isPartOf":{"@id":"https:\/\/www.enrouteprovence.fr\/hiking-walking-tours-provence-france\/#website"},"primaryImageOfPage":{"@id":"https:\/\/www.enrouteprovence.fr\/hiking-walking-tours-provence-france\/wine-and-cuisine#primaryimage"},"image":{"@id":"https:\/\/www.enrouteprovence.fr\/hiking-walking-tours-provence-france\/wine-and-cuisine#primaryimage"},"thumbnailUrl":"https:\/\/www.enrouteprovence.fr\/wp-content\/uploads\/2023\/04\/vignes__cabanon-1024x683.jpg","datePublished":"2016-03-16T06:08:37+00:00","dateModified":"2023-04-26T08:30:26+00:00","description":"Come and discover Provence's outdoors on foot, escorted by a local walking guide, and get the most of its multiple faces : the pretty Provence towns and villages, from Gordes, Roussillon, St-Tropez, Vence or Bormes les Mimosas to St Remy or Les Baux de Provence, lush vineyards, colorful countryside and bright rugged landscapes like those of the Calanques National Park. Whatever your plan: the best of day trips from Nice or Marseille, a daily walk over one week in the Luberon or just the ascent of Mont Ventoux or Sainte-Victoire, we can provide you our experience and knowledge.","breadcrumb":{"@id":"https:\/\/www.enrouteprovence.fr\/hiking-walking-tours-provence-france\/wine-and-cuisine#breadcrumb"},"inLanguage":"fr-FR","potentialAction":[{"@type":"ReadAction","target":["https:\/\/www.enrouteprovence.fr\/hiking-walking-tours-provence-france\/wine-and-cuisine"]}]},{"@type":"ImageObject","inLanguage":"fr-FR","@id":"https:\/\/www.enrouteprovence.fr\/hiking-walking-tours-provence-france\/wine-and-cuisine#primaryimage","url":"https:\/\/www.enrouteprovence.fr\/wp-content\/uploads\/2023\/04\/vignes__cabanon-1024x683.jpg","contentUrl":"https:\/\/www.enrouteprovence.fr\/wp-content\/uploads\/2023\/04\/vignes__cabanon-1024x683.jpg"},{"@type":"BreadcrumbList","@id":"https:\/\/www.enrouteprovence.fr\/hiking-walking-tours-provence-france\/wine-and-cuisine#breadcrumb","itemListElement":[{"@type":"ListItem","position":1,"name":"Home","item":"https:\/\/www.enrouteprovence.fr\/hiking-walking-tours-provence-france\/fr"},{"@type":"ListItem","position":2,"name":"Vin et gastronomie"}]},{"@type":"WebSite","@id":"https:\/\/www.enrouteprovence.fr\/hiking-walking-tours-provence-france\/#website","url":"https:\/\/www.enrouteprovence.fr\/hiking-walking-tours-provence-france\/","name":"En route Provence","description":"Walking Provence with a local guide","publisher":{"@id":"https:\/\/www.enrouteprovence.fr\/hiking-walking-tours-provence-france\/#\/schema\/person\/53edc6896f78ea1ba78f67b51559737b"},"potentialAction":[{"@type":"SearchAction","target":{"@type":"EntryPoint","urlTemplate":"https:\/\/www.enrouteprovence.fr\/hiking-walking-tours-provence-france\/?s={search_term_string}"},"query-input":{"@type":"PropertyValueSpecification","valueRequired":true,"valueName":"search_term_string"}}],"inLanguage":"fr-FR"},{"@type":["Person","Organization"],"@id":"https:\/\/www.enrouteprovence.fr\/hiking-walking-tours-provence-france\/#\/schema\/person\/53edc6896f78ea1ba78f67b51559737b","name":"Jean-Bernard","image":{"@type":"ImageObject","inLanguage":"fr-FR","@id":"https:\/\/secure.gravatar.com\/avatar\/25948e7e644d7187247bba1791838724eaccec85389611bf578fb1d316dab3d9?s=96&d=mm&r=g","url":"https:\/\/secure.gravatar.com\/avatar\/25948e7e644d7187247bba1791838724eaccec85389611bf578fb1d316dab3d9?s=96&d=mm&r=g","contentUrl":"https:\/\/secure.gravatar.com\/avatar\/25948e7e644d7187247bba1791838724eaccec85389611bf578fb1d316dab3d9?s=96&d=mm&r=g","caption":"Jean-Bernard"},"logo":{"@id":"https:\/\/secure.gravatar.com\/avatar\/25948e7e644d7187247bba1791838724eaccec85389611bf578fb1d316dab3d9?s=96&d=mm&r=g"}}]}},"_links":{"self":[{"href":"https:\/\/www.enrouteprovence.fr\/hiking-walking-tours-provence-france\/fr\/wp-json\/wp\/v2\/pages\/909","targetHints":{"allow":["GET"]}}],"collection":[{"href":"https:\/\/www.enrouteprovence.fr\/hiking-walking-tours-provence-france\/fr\/wp-json\/wp\/v2\/pages"}],"about":[{"href":"https:\/\/www.enrouteprovence.fr\/hiking-walking-tours-provence-france\/fr\/wp-json\/wp\/v2\/types\/page"}],"author":[{"embeddable":true,"href":"https:\/\/www.enrouteprovence.fr\/hiking-walking-tours-provence-france\/fr\/wp-json\/wp\/v2\/users\/1"}],"replies":[{"embeddable":true,"href":"https:\/\/www.enrouteprovence.fr\/hiking-walking-tours-provence-france\/fr\/wp-json\/wp\/v2\/comments?post=909"}],"version-history":[{"count":14,"href":"https:\/\/www.enrouteprovence.fr\/hiking-walking-tours-provence-france\/fr\/wp-json\/wp\/v2\/pages\/909\/revisions"}],"predecessor-version":[{"id":15077,"href":"https:\/\/www.enrouteprovence.fr\/hiking-walking-tours-provence-france\/fr\/wp-json\/wp\/v2\/pages\/909\/revisions\/15077"}],"wp:attachment":[{"href":"https:\/\/www.enrouteprovence.fr\/hiking-walking-tours-provence-france\/fr\/wp-json\/wp\/v2\/media?parent=909"}],"curies":[{"name":"wp","href":"https:\/\/api.w.org\/{rel}","templated":true}]}}